
{"id":56520,"date":"2026-02-04T13:49:42","date_gmt":"2026-02-04T10:49:42","guid":{"rendered":"https:\/\/levaic.com\/?post_type=product&#038;p=56520"},"modified":"2026-02-04T18:29:26","modified_gmt":"2026-02-04T15:29:26","slug":"duygularini-tanirsan-dunyani-degistirirsin-anla-yonet-bag-kur-paket9","status":"publish","type":"product","link":"https:\/\/levaic.com\/en\/urun\/duygularini-tanirsan-dunyani-degistirirsin-anla-yonet-bag-kur-paket9\/","title":{"rendered":"DUYGULARINI TANIRSAN, D\u00dcNYANI DE\u011e\u0130\u015eT\u0130R\u0130RS\u0130N : ANLA , Y\u00d6NET, BA\u011e KUR (Paket9 &#8211; 5&#8217;li G\u00f6r\u00fc\u015fme)"},"content":{"rendered":"<p data-pm-slice=\"1 1 []\"><strong>G\u00f6r\u00fc\u015fme Temas\u0131:<\/strong> Duygusal zek\u00e2y\u0131 g\u00fc\u00e7lendirme \u2013 hisset, anla, y\u00f6net, ba\u011f kur.<\/p>\n<p><strong>Kapsanan Yetkinlikler:<\/strong><\/p>\n<p>\u2022\u00a0\u00a0\u00a0\u00a0\u00a0\u00a0\u00a0\u00a0\u00a0 Ba\u011flanma Stili<\/p>\n<p>\u2022\u00a0\u00a0\u00a0\u00a0\u00a0\u00a0\u00a0\u00a0\u00a0 Ebeveyn Tutumlar\u0131<\/p>\n<p>\u2022\u00a0\u00a0\u00a0\u00a0\u00a0\u00a0\u00a0\u00a0\u00a0 Duygusal Denge (Reg\u00fclasyon)<\/p>\n<p>\u2022\u00a0\u00a0\u00a0\u00a0\u00a0\u00a0\u00a0\u00a0\u00a0 \u00d6z\u015fefkat<\/p>\n<p>\u2022\u00a0\u00a0\u00a0\u00a0\u00a0\u00a0\u00a0\u00a0\u00a0 Sosyal Sezgi ve Duygusal Okuryazarl\u0131k<\/p>\n<p><strong>Neden Almal\u0131s\u0131n\u0131z?<\/strong><\/p>\n<p>Duygular\u0131n\u0131 bast\u0131rmak seni g\u00fc\u00e7l\u00fc de\u011fil, i\u00e7ten i\u00e7e yorgun yapar. Bu g\u00f6r\u00fc\u015fme; ne hissetti\u011fini anlaman, sa\u011fl\u0131kl\u0131 \u015fekilde ifade etmen ve duygular\u0131nla ba\u011f kurarak ili\u015fkilerini d\u00f6n\u00fc\u015ft\u00fcrmen i\u00e7in rehberlik sunar. \u00c7\u00fcnk\u00fc duygular\u0131n\u0131 y\u00f6netebildi\u011finde, sadece kendinle de\u011fil, hayatla da bar\u0131\u015f\u0131rs\u0131n.<\/p>\n<p><strong>G\u00f6r\u00fc\u015fme Hedefi:<\/strong><\/p>\n<p>Bu g\u00f6r\u00fc\u015fmede :<\/p>\n<p>\u2022\u00a0\u00a0\u00a0\u00a0\u00a0\u00a0\u00a0\u00a0\u00a0 Duygular\u0131n\u0131n alt\u0131nda yatan k\u00f6kleri fark edeceksiniz.<\/p>\n<p>\u2022\u00a0\u00a0\u00a0\u00a0\u00a0\u00a0\u00a0\u00a0\u00a0 Duygular\u0131 bast\u0131rmak yerine onlar\u0131 dinlemeyi \u00f6\u011freneceksiniz.<\/p>\n<p>\u2022\u00a0\u00a0\u00a0\u00a0\u00a0\u00a0\u00a0\u00a0\u00a0 Anksiyete, \u00f6fke, hayal k\u0131r\u0131kl\u0131\u011f\u0131 gibi yo\u011fun duygular\u0131 <strong>y\u00f6nlendirebilir h\u00e2le<\/strong> geleceksiniz.<\/p>\n<p>\u2022\u00a0\u00a0\u00a0\u00a0\u00a0\u00a0\u00a0\u00a0\u00a0 Sosyal ili\u015fkilerde yanl\u0131\u015f anla\u015f\u0131lma d\u00f6ng\u00fcs\u00fcnden \u00e7\u0131kar, <strong>duygusal okuryazar<\/strong> h\u00e2line geleceksiniz.<\/p>\n<p><strong>Kimler \u0130\u00e7in?<\/strong><\/p>\n<p>\u2022\u00a0\u00a0\u00a0\u00a0\u00a0\u00a0\u00a0\u00a0\u00a0 Duygular\u0131n\u0131 anlamakta zorlananlar<\/p>\n<p>\u2022\u00a0\u00a0\u00a0\u00a0\u00a0\u00a0\u00a0\u00a0\u00a0 \u201cHer \u015feyi kontrol etmeye \u00e7al\u0131\u015f\u0131yorum ama i\u00e7imde f\u0131rt\u0131na var\u201d diyenler<\/p>\n<p>\u2022\u00a0\u00a0\u00a0\u00a0\u00a0\u00a0\u00a0\u00a0\u00a0 Empati kurmakta ya da kendini ifade etmekte zorlananlar<\/p>\n<p>\u2022\u00a0\u00a0\u00a0\u00a0\u00a0\u00a0\u00a0\u00a0\u00a0 Duygusal tepkilerden sonra pi\u015fmanl\u0131k ya\u015fayanlar<\/p>\n<p>\u2022\u00a0\u00a0\u00a0\u00a0\u00a0\u00a0\u00a0\u00a0\u00a0\u0130li\u015fkilerde \u201cbilmiyorum neden b\u00f6yle hissettim\u201d diyenler<\/p>\n<p><strong>G\u00f6r\u00fc\u015fme \u00d6zellikleri:<\/strong><\/p>\n<p>\u2022\u00a0\u00a0\u00a0\u00a0\u00a0\u00a0\u00a0\u00a0\u00a0 <strong>S\u00fcre:<\/strong> 250 dakika<\/p>\n<p><strong>\u00a0 \u00a0 \u00a0 \u00a0 \u00a0 \u00a0 \u2022 \u00a0 \u00a0 \u00a0 \u00a0 \u00a0Teslim:<\/strong> 5 Adet 50 dakikal\u0131k Online G\u00f6r\u00fc\u015fme + k\u00f6k kal\u0131p analiz raporu + ki\u015fisel d\u00f6n\u00fc\u015f\u00fcm \u00f6neri sayfas\u0131<\/p>\n","protected":false},"excerpt":{"rendered":"<p>G\u00f6r\u00fc\u015fme Temas\u0131: Duygusal zek\u00e2y\u0131 g\u00fc\u00e7lendirme \u2013 hisset, anla, y\u00f6net, ba\u011f kur. Kapsanan Yetkinlikler: \u2022\u00a0\u00a0\u00a0\u00a0\u00a0\u00a0\u00a0\u00a0\u00a0 Ba\u011flanma Stili \u2022\u00a0\u00a0\u00a0\u00a0\u00a0\u00a0\u00a0\u00a0\u00a0 Ebeveyn Tutumlar\u0131 \u2022\u00a0\u00a0\u00a0\u00a0\u00a0\u00a0\u00a0\u00a0\u00a0 Duygusal Denge (Reg\u00fclasyon) \u2022\u00a0\u00a0\u00a0\u00a0\u00a0\u00a0\u00a0\u00a0\u00a0 \u00d6z\u015fefkat \u2022\u00a0\u00a0\u00a0\u00a0\u00a0\u00a0\u00a0\u00a0\u00a0 Sosyal Sezgi ve Duygusal Okuryazarl\u0131k Neden Almal\u0131s\u0131n\u0131z? Duygular\u0131n\u0131 bast\u0131rmak seni g\u00fc\u00e7l\u00fc de\u011fil, i\u00e7ten i\u00e7e yorgun yapar. Bu g\u00f6r\u00fc\u015fme; ne hissetti\u011fini anlaman, sa\u011fl\u0131kl\u0131 \u015fekilde ifade etmen ve duygular\u0131nla ba\u011f kurarak [&hellip;]<\/p>\n","protected":false},"featured_media":0,"comment_status":"open","ping_status":"closed","template":"","meta":{"_acf_changed":false,"content-type":""},"product_brand":[],"product_cat":[81,656],"product_tag":[661],"class_list":{"0":"post-56520","1":"product","2":"type-product","3":"status-publish","5":"product_cat-levaic","6":"product_cat-ozel-paketler","7":"product_tag-5-gorusme","9":"first","10":"instock","11":"shipping-taxable","12":"purchasable","13":"product-type-simple"},"acf":[],"_links":{"self":[{"href":"https:\/\/levaic.com\/en\/wp-json\/wp\/v2\/product\/56520","targetHints":{"allow":["GET"]}}],"collection":[{"href":"https:\/\/levaic.com\/en\/wp-json\/wp\/v2\/product"}],"about":[{"href":"https:\/\/levaic.com\/en\/wp-json\/wp\/v2\/types\/product"}],"replies":[{"embeddable":true,"href":"https:\/\/levaic.com\/en\/wp-json\/wp\/v2\/comments?post=56520"}],"version-history":[{"count":2,"href":"https:\/\/levaic.com\/en\/wp-json\/wp\/v2\/product\/56520\/revisions"}],"predecessor-version":[{"id":56556,"href":"https:\/\/levaic.com\/en\/wp-json\/wp\/v2\/product\/56520\/revisions\/56556"}],"wp:attachment":[{"href":"https:\/\/levaic.com\/en\/wp-json\/wp\/v2\/media?parent=56520"}],"wp:term":[{"taxonomy":"product_brand","embeddable":true,"href":"https:\/\/levaic.com\/en\/wp-json\/wp\/v2\/product_brand?post=56520"},{"taxonomy":"product_cat","embeddable":true,"href":"https:\/\/levaic.com\/en\/wp-json\/wp\/v2\/product_cat?post=56520"},{"taxonomy":"product_tag","embeddable":true,"href":"https:\/\/levaic.com\/en\/wp-json\/wp\/v2\/product_tag?post=56520"}],"curies":[{"name":"wp","href":"https:\/\/api.w.org\/{rel}","templated":true}]}}