
{"id":56496,"date":"2026-02-04T13:32:12","date_gmt":"2026-02-04T10:32:12","guid":{"rendered":"https:\/\/levaic.com\/?post_type=product&#038;p=56496"},"modified":"2026-02-04T18:29:04","modified_gmt":"2026-02-04T15:29:04","slug":"bedenimin-dili-cinsel-benligini-uyandir-paket8","status":"publish","type":"product","link":"https:\/\/levaic.com\/en\/urun\/bedenimin-dili-cinsel-benligini-uyandir-paket8\/","title":{"rendered":"BEDEN\u0130M\u0130N D\u0130L\u0130 : C\u0130NSEL BENL\u0130\u011e\u0130N\u0130 UYANDIR (Paket8  &#8211; 5&#8217;li G\u00f6r\u00fc\u015fme)"},"content":{"rendered":"<p><b>C\u0130NSELL\u0130K VE BENL\u0130K B\u0130L\u0130NC\u0130<\/b><b><\/b><\/p>\n<p data-pm-slice=\"1 1 []\"><strong>Ana Tema:<\/strong> Cinsellik ve Beden Bilinci : Beden alg\u0131s\u0131, fl\u00f6rt ve cinsel kimlik<\/p>\n<p><strong>G\u00f6r\u00fc\u015fme Temas\u0131:<\/strong> Beden, kimlik, fl\u00f6rt ve yak\u0131nl\u0131kta \u00f6zg\u00fcven.<\/p>\n<p><strong>Kapsanan Yetkinlikler:<\/strong><\/p>\n<p>\u2022\u00a0\u00a0\u00a0\u00a0\u00a0\u00a0\u00a0\u00a0\u00a0 Ba\u011flanma Stili<\/p>\n<p>\u2022\u00a0\u00a0\u00a0\u00a0\u00a0\u00a0\u00a0\u00a0\u00a0 Ebeveyn Tutumlar\u0131<\/p>\n<p>\u2022\u00a0\u00a0\u00a0\u00a0\u00a0\u00a0\u00a0\u00a0\u00a0 Cinsel Kimlik &amp; Beden Alg\u0131s\u0131<\/p>\n<p>\u2022\u00a0\u00a0\u00a0\u00a0\u00a0\u00a0\u00a0\u00a0\u00a0 Fl\u00f6rt Tarz\u0131 &amp; \u0130li\u015fki Ba\u015flatma<\/p>\n<p>\u2022\u00a0\u00a0\u00a0\u00a0\u00a0\u00a0\u00a0\u00a0\u00a0 Fl\u00f6rt ve Cinselli\u011fe Yakla\u015f\u0131m<\/p>\n<p><strong>Neden Almal\u0131s\u0131n\u0131z?<\/strong><\/p>\n<p>Bedeninle kurdu\u011fun ili\u015fki, t\u00fcm yak\u0131n ili\u015fkilerinin temelini belirler. Bu g\u00f6r\u00fc\u015fme; cinselli\u011fi utan\u00e7la de\u011fil, \u00f6zg\u00fcvenle ya\u015fayabilmen i\u00e7in seni bedeninle bar\u0131\u015ft\u0131r\u0131r, fl\u00f6rt ve temas alan\u0131nda i\u00e7ten bir \u00f6zg\u00fcrl\u00fck yarat\u0131r. \u00c7\u00fcnk\u00fc cinsel benli\u011fini tan\u0131mak, sadece ili\u015fkini de\u011fil, kendini sahiplenmeyi de ba\u015flat\u0131r.<\/p>\n<p><strong>G\u00f6r\u00fc\u015fme Hedefi:<\/strong><\/p>\n<p>Bu g\u00f6r\u00fc\u015fmede :<\/p>\n<p>\u2022\u00a0\u00a0\u00a0\u00a0\u00a0\u00a0\u00a0\u00a0\u00a0 Beden alg\u0131s\u0131n\u0131 tan\u0131r ve \u015fefkatli zemine ta\u015f\u0131yacak.<\/p>\n<p>\u2022\u00a0\u00a0\u00a0\u00a0\u00a0\u00a0\u00a0\u00a0\u00a0 Cinsellikte ifade ve rahatl\u0131k becerisi geli\u015ftirecek.<\/p>\n<p>\u2022\u00a0\u00a0\u00a0\u00a0\u00a0\u00a0\u00a0\u00a0\u00a0 Fl\u00f6rt dinamiklerini do\u011fal h\u00e2line d\u00f6nd\u00fcrecek.<\/p>\n<p>\u2022\u00a0\u00a0\u00a0\u00a0\u00a0\u00a0\u00a0\u00a0\u00a0 Cinsel yak\u0131nl\u0131kla duygusal ba\u011f aras\u0131ndaki ili\u015fkiyi g\u00fc\u00e7lendirecek.<\/p>\n<p><strong>Kimler \u0130\u00e7in?<\/strong><\/p>\n<p>\u2022\u00a0\u00a0\u00a0\u00a0\u00a0\u00a0\u00a0\u00a0\u00a0 Bedeninde g\u00fcvende hissetmeyenler<\/p>\n<p>\u2022\u00a0\u00a0\u00a0\u00a0\u00a0\u00a0\u00a0\u00a0\u00a0 Cinsellikte \u00e7ekingenlik ya\u015fayanlar<\/p>\n<p>\u2022\u00a0\u00a0\u00a0\u00a0\u00a0\u00a0\u00a0\u00a0\u00a0 Fl\u00f6rtte zorlananlar<\/p>\n<p>\u2022\u00a0\u00a0\u00a0\u00a0\u00a0\u00a0\u00a0\u00a0\u00a0 Yak\u0131nl\u0131kta utan\u00e7 ya\u015fayanlar<\/p>\n<p><strong>\u00a0G\u00f6r\u00fc\u015fme \u00d6zellikleri:<\/strong><\/p>\n<p>\u2022\u00a0\u00a0\u00a0\u00a0\u00a0\u00a0\u00a0\u00a0\u00a0 <strong>S\u00fcre:<\/strong> 250 dakika<\/p>\n<p><strong>\u00a0 \u00a0 \u00a0 \u00a0 \u00a0 \u00a0 \u2022 \u00a0 \u00a0 \u00a0 \u00a0 Teslim:<\/strong> 5 Adet 50 Dakikal\u0131k Online G\u00f6r\u00fc\u015fme + k\u00f6k kal\u0131p analiz raporu + ki\u015fisel d\u00f6n\u00fc\u015f\u00fcm \u00f6neri sayfas\u0131<\/p>\n","protected":false},"excerpt":{"rendered":"<p>C\u0130NSELL\u0130K VE BENL\u0130K B\u0130L\u0130NC\u0130 Ana Tema: Cinsellik ve Beden Bilinci : Beden alg\u0131s\u0131, fl\u00f6rt ve cinsel kimlik G\u00f6r\u00fc\u015fme Temas\u0131: Beden, kimlik, fl\u00f6rt ve yak\u0131nl\u0131kta \u00f6zg\u00fcven. Kapsanan Yetkinlikler: \u2022\u00a0\u00a0\u00a0\u00a0\u00a0\u00a0\u00a0\u00a0\u00a0 Ba\u011flanma Stili \u2022\u00a0\u00a0\u00a0\u00a0\u00a0\u00a0\u00a0\u00a0\u00a0 Ebeveyn Tutumlar\u0131 \u2022\u00a0\u00a0\u00a0\u00a0\u00a0\u00a0\u00a0\u00a0\u00a0 Cinsel Kimlik &amp; Beden Alg\u0131s\u0131 \u2022\u00a0\u00a0\u00a0\u00a0\u00a0\u00a0\u00a0\u00a0\u00a0 Fl\u00f6rt Tarz\u0131 &amp; \u0130li\u015fki Ba\u015flatma \u2022\u00a0\u00a0\u00a0\u00a0\u00a0\u00a0\u00a0\u00a0\u00a0 Fl\u00f6rt ve Cinselli\u011fe Yakla\u015f\u0131m Neden Almal\u0131s\u0131n\u0131z? Bedeninle kurdu\u011fun ili\u015fki, [&hellip;]<\/p>\n","protected":false},"featured_media":0,"comment_status":"open","ping_status":"closed","template":"","meta":{"_acf_changed":false,"content-type":""},"product_brand":[],"product_cat":[81,656],"product_tag":[661],"class_list":{"0":"post-56496","1":"product","2":"type-product","3":"status-publish","5":"product_cat-levaic","6":"product_cat-ozel-paketler","7":"product_tag-5-gorusme","9":"first","10":"instock","11":"shipping-taxable","12":"purchasable","13":"product-type-simple"},"acf":[],"_links":{"self":[{"href":"https:\/\/levaic.com\/en\/wp-json\/wp\/v2\/product\/56496","targetHints":{"allow":["GET"]}}],"collection":[{"href":"https:\/\/levaic.com\/en\/wp-json\/wp\/v2\/product"}],"about":[{"href":"https:\/\/levaic.com\/en\/wp-json\/wp\/v2\/types\/product"}],"replies":[{"embeddable":true,"href":"https:\/\/levaic.com\/en\/wp-json\/wp\/v2\/comments?post=56496"}],"version-history":[{"count":3,"href":"https:\/\/levaic.com\/en\/wp-json\/wp\/v2\/product\/56496\/revisions"}],"predecessor-version":[{"id":56555,"href":"https:\/\/levaic.com\/en\/wp-json\/wp\/v2\/product\/56496\/revisions\/56555"}],"wp:attachment":[{"href":"https:\/\/levaic.com\/en\/wp-json\/wp\/v2\/media?parent=56496"}],"wp:term":[{"taxonomy":"product_brand","embeddable":true,"href":"https:\/\/levaic.com\/en\/wp-json\/wp\/v2\/product_brand?post=56496"},{"taxonomy":"product_cat","embeddable":true,"href":"https:\/\/levaic.com\/en\/wp-json\/wp\/v2\/product_cat?post=56496"},{"taxonomy":"product_tag","embeddable":true,"href":"https:\/\/levaic.com\/en\/wp-json\/wp\/v2\/product_tag?post=56496"}],"curies":[{"name":"wp","href":"https:\/\/api.w.org\/{rel}","templated":true}]}}