
{"id":56482,"date":"2026-02-04T13:28:15","date_gmt":"2026-02-04T10:28:15","guid":{"rendered":"https:\/\/levaic.com\/?post_type=product&#038;p=56482"},"modified":"2026-02-04T18:28:42","modified_gmt":"2026-02-04T15:28:42","slug":"askin-mesafesi-yakinligin-kimyasini-coz","status":"publish","type":"product","link":"https:\/\/levaic.com\/en\/urun\/askin-mesafesi-yakinligin-kimyasini-coz\/","title":{"rendered":"A\u015eKIN MESAFES\u0130 : YAKINLI\u011eIN K\u0130MYASINI \u00c7\u00d6Z! (Paket 7 &#8211; 5&#8217;li G\u00f6r\u00fc\u015fme)"},"content":{"rendered":"<p data-pm-slice=\"1 1 []\"><strong>Birlikte Ama Kendin Gibi Ol!<\/strong><\/p>\n<p data-pm-slice=\"1 1 []\"><strong>Ana Tema:<\/strong> \u0130leti\u015fim stilleri, empati, ba\u011f kurma<\/p>\n<p><strong>G\u00f6r\u00fc\u015fme Temas\u0131:<\/strong> Empati, ileti\u015fim ve ili\u015fki i\u00e7inde bireysellik.<\/p>\n<p><strong>Kapsanan Yetkinlikler:<\/strong><\/p>\n<p>\u2022\u00a0\u00a0\u00a0\u00a0\u00a0\u00a0\u00a0\u00a0\u00a0 Ba\u011flanma Stili<\/p>\n<p>\u2022\u00a0\u00a0\u00a0\u00a0\u00a0\u00a0\u00a0\u00a0\u00a0 Ebeveyn Tutumlar\u0131<\/p>\n<p>\u2022\u00a0\u00a0\u00a0\u00a0\u00a0\u00a0\u00a0\u00a0\u00a0 Uyumluluk<\/p>\n<p>\u2022\u00a0\u00a0\u00a0\u00a0\u00a0\u00a0\u00a0\u00a0\u00a0 \u0130leti\u015fim Tarz\u0131<\/p>\n<p>\u2022\u00a0\u00a0\u00a0\u00a0\u00a0\u00a0\u00a0\u00a0\u00a0 Tolerans<\/p>\n<p><strong>Neden Almal\u0131s\u0131n\u0131z?<\/strong><\/p>\n<p>\u0130li\u015fkilerde hep susan, geri \u00e7ekilen ya da s\u00fcrekli uyum sa\u011flayan taraf olmak seni g\u00f6r\u00fcnmez k\u0131lar. Bu g\u00f6r\u00fc\u015fme, kendin kalarak ba\u011f kurman\u0131n, empatiyle s\u0131n\u0131r \u00e7izebilmenin yolunu g\u00f6sterir. \u00c7\u00fcnk\u00fc ger\u00e7ek yak\u0131nl\u0131k, kendini feda etmekle de\u011fil; kendin olarak kalabilmekle ba\u015flar.<\/p>\n<p><strong>G\u00f6r\u00fc\u015fme Hedefi:<\/strong><\/p>\n<p>Bu G\u00f6r\u00fc\u015fmede :<\/p>\n<p>\u2022\u00a0\u00a0\u00a0\u00a0\u00a0\u00a0\u00a0\u00a0\u00a0 Empati ve s\u0131n\u0131r dengesi kuracaks\u0131n\u0131z.<\/p>\n<p>\u2022\u00a0\u00a0\u00a0\u00a0\u00a0\u00a0\u00a0\u00a0\u00a0 \u0130leti\u015fimde g\u00f6r\u00fcn\u00fcr ve duyulur h\u00e2le geleceksiniz.<\/p>\n<p>\u2022\u00a0\u00a0\u00a0\u00a0\u00a0\u00a0\u00a0\u00a0\u00a0 Uyumlulu\u011fun \u00f6zveri de\u011fil ba\u011f kurma oldu\u011funu ke\u015ffedeceksiniz.<\/p>\n<p>\u2022\u00a0\u00a0\u00a0\u00a0\u00a0\u00a0\u00a0\u00a0\u00a0 Tolerans kapasitesini geni\u015fleteceksiniz.<\/p>\n\n<p><strong>Kimler \u0130\u00e7in?<\/strong><\/p>\n<p>\u2022\u00a0\u00a0\u00a0\u00a0\u00a0\u00a0\u00a0\u00a0\u00a0 S\u00fcrekli alttan alanlar<\/p>\n<p>\u2022\u00a0\u00a0\u00a0\u00a0\u00a0\u00a0\u00a0\u00a0\u00a0 Tart\u0131\u015fmada sessizle\u015fenler<\/p>\n<p>\u2022\u00a0\u00a0\u00a0\u00a0\u00a0\u00a0\u00a0\u00a0\u00a0 Duygular\u0131n\u0131 ifade etmekte zorlananlar<\/p>\n<p>\u2022\u00a0\u00a0\u00a0\u00a0\u00a0\u00a0\u00a0\u00a0\u00a0Partneriyle s\u0131k yanl\u0131\u015f anla\u015f\u0131lma ya\u015fayanlar<\/p>\n<p><strong>G\u00f6r\u00fc\u015fme \u00d6zellikleri:<\/strong><\/p>\n<p>\u2022\u00a0\u00a0\u00a0\u00a0\u00a0\u00a0\u00a0\u00a0\u00a0 <strong>S\u00fcre:<\/strong> 250 dakika<\/p>\n<p><strong>\u2022 \u00a0 \u00a0 \u00a0 \u00a0 Teslim:<\/strong> 5 Adet 50 dakikal\u0131k Online g\u00f6r\u00fc\u015fme + k\u00f6k kal\u0131p analiz raporu + ki\u015fisel d\u00f6n\u00fc\u015f\u00fcm \u00f6neri sayfas\u0131<\/p>\n\n","protected":false},"excerpt":{"rendered":"<p>Birlikte Ama Kendin Gibi Ol! Ana Tema: \u0130leti\u015fim stilleri, empati, ba\u011f kurma G\u00f6r\u00fc\u015fme Temas\u0131: Empati, ileti\u015fim ve ili\u015fki i\u00e7inde bireysellik. Kapsanan Yetkinlikler: \u2022\u00a0\u00a0\u00a0\u00a0\u00a0\u00a0\u00a0\u00a0\u00a0 Ba\u011flanma Stili \u2022\u00a0\u00a0\u00a0\u00a0\u00a0\u00a0\u00a0\u00a0\u00a0 Ebeveyn Tutumlar\u0131 \u2022\u00a0\u00a0\u00a0\u00a0\u00a0\u00a0\u00a0\u00a0\u00a0 Uyumluluk \u2022\u00a0\u00a0\u00a0\u00a0\u00a0\u00a0\u00a0\u00a0\u00a0 \u0130leti\u015fim Tarz\u0131 \u2022\u00a0\u00a0\u00a0\u00a0\u00a0\u00a0\u00a0\u00a0\u00a0 Tolerans Neden Almal\u0131s\u0131n\u0131z? \u0130li\u015fkilerde hep susan, geri \u00e7ekilen ya da s\u00fcrekli uyum sa\u011flayan taraf olmak seni g\u00f6r\u00fcnmez k\u0131lar. Bu g\u00f6r\u00fc\u015fme, kendin [&hellip;]<\/p>\n","protected":false},"featured_media":0,"comment_status":"open","ping_status":"closed","template":"","meta":{"_acf_changed":false,"content-type":""},"product_brand":[],"product_cat":[81,656],"product_tag":[661],"class_list":{"0":"post-56482","1":"product","2":"type-product","3":"status-publish","5":"product_cat-levaic","6":"product_cat-ozel-paketler","7":"product_tag-5-gorusme","9":"first","10":"instock","11":"shipping-taxable","12":"purchasable","13":"product-type-simple"},"acf":[],"_links":{"self":[{"href":"https:\/\/levaic.com\/en\/wp-json\/wp\/v2\/product\/56482","targetHints":{"allow":["GET"]}}],"collection":[{"href":"https:\/\/levaic.com\/en\/wp-json\/wp\/v2\/product"}],"about":[{"href":"https:\/\/levaic.com\/en\/wp-json\/wp\/v2\/types\/product"}],"replies":[{"embeddable":true,"href":"https:\/\/levaic.com\/en\/wp-json\/wp\/v2\/comments?post=56482"}],"version-history":[{"count":4,"href":"https:\/\/levaic.com\/en\/wp-json\/wp\/v2\/product\/56482\/revisions"}],"predecessor-version":[{"id":56554,"href":"https:\/\/levaic.com\/en\/wp-json\/wp\/v2\/product\/56482\/revisions\/56554"}],"wp:attachment":[{"href":"https:\/\/levaic.com\/en\/wp-json\/wp\/v2\/media?parent=56482"}],"wp:term":[{"taxonomy":"product_brand","embeddable":true,"href":"https:\/\/levaic.com\/en\/wp-json\/wp\/v2\/product_brand?post=56482"},{"taxonomy":"product_cat","embeddable":true,"href":"https:\/\/levaic.com\/en\/wp-json\/wp\/v2\/product_cat?post=56482"},{"taxonomy":"product_tag","embeddable":true,"href":"https:\/\/levaic.com\/en\/wp-json\/wp\/v2\/product_tag?post=56482"}],"curies":[{"name":"wp","href":"https:\/\/api.w.org\/{rel}","templated":true}]}}