
{"id":56470,"date":"2026-02-04T13:24:08","date_gmt":"2026-02-04T10:24:08","guid":{"rendered":"https:\/\/levaic.com\/?post_type=product&#038;p=56470"},"modified":"2026-02-04T18:28:18","modified_gmt":"2026-02-04T15:28:18","slug":"sahne-senin-sosyal-etki-gucunu-ortaya-cikart-paket-6","status":"publish","type":"product","link":"https:\/\/levaic.com\/en\/urun\/sahne-senin-sosyal-etki-gucunu-ortaya-cikart-paket-6\/","title":{"rendered":"SAHNE SEN\u0130N : SOSYAL ETK\u0130 G\u00dcC\u00dcN\u00dc ORTAYA \u00c7IKART (Paket 6 &#8211; 5&#8217;li G\u00f6r\u00fc\u015fme)"},"content":{"rendered":"<p data-pm-slice=\"1 1 []\"><strong>Ana Tema:<\/strong> Sosyal ortamlarda g\u00f6r\u00fcn\u00fcrl\u00fck ve etkile\u015fim<\/p>\n<p><strong>Kapsanan Yetkinlikler:<\/strong><\/p>\n<p>\u2022\u00a0\u00a0\u00a0\u00a0\u00a0\u00a0\u00a0\u00a0\u00a0 Ba\u011flanma Stili<\/p>\n<p>\u2022\u00a0\u00a0\u00a0\u00a0\u00a0\u00a0\u00a0\u00a0\u00a0 Ebeveyn Tutumlar\u0131<\/p>\n<p>\u2022\u00a0\u00a0\u00a0\u00a0\u00a0\u00a0\u00a0\u00a0\u00a0 Sosyal Risk Alabilme<\/p>\n<p>\u2022\u00a0\u00a0\u00a0\u00a0\u00a0\u00a0\u00a0\u00a0\u00a0 Sosyal Rol Esnekli\u011fi<\/p>\n<p>\u2022\u00a0\u00a0\u00a0\u00a0\u00a0\u00a0\u00a0\u00a0\u00a0 Sosyal Sezgi &amp; Duygusal Okuryazarl\u0131k<\/p>\n<p><strong>Neden Almal\u0131s\u0131n\u0131z?<\/strong><\/p>\n<p>Sosyal ortamlarda g\u00f6r\u00fcnmez olmay\u0131 de\u011fil, kendin gibi parlamay\u0131 \u00f6\u011frenmenin zaman\u0131 geldi. Bu g\u00f6r\u00fc\u015fme; \u00e7ekingenli\u011fin ard\u0131ndaki i\u00e7 sesini duyman\u0131, sahneye ad\u0131m att\u0131\u011f\u0131nda kayg\u0131 de\u011fil \u00f6zg\u00fcven ta\u015f\u0131man\u0131 sa\u011flar. \u00c7\u00fcnk\u00fc kalabal\u0131klar i\u00e7inde kaybolmak de\u011fil, varl\u0131\u011f\u0131nla iz b\u0131rakmak senin de hakk\u0131n.<\/p>\n<p><strong>G\u00f6r\u00fc\u015fme Hedefi:<\/strong><\/p>\n<p>Bu g\u00f6r\u00fc\u015fmede :<\/p>\n<p>\u2022\u00a0\u00a0\u00a0\u00a0\u00a0\u00a0\u00a0\u00a0\u00a0 Sosyal ortamlarda kendini g\u00f6sterebilir h\u00e2le geleceksiniz.<\/p>\n<p>\u2022\u00a0\u00a0\u00a0\u00a0\u00a0\u00a0\u00a0\u00a0\u00a0 Sosyal kayg\u0131 mekanizmalar\u0131n\u0131 fark eder ve d\u00f6n\u00fc\u015ft\u00fcreceksiniz.<\/p>\n<p>\u2022\u00a0\u00a0\u00a0\u00a0\u00a0\u00a0\u00a0\u00a0\u00a0 Rol esnekli\u011fi geli\u015ftirerek ili\u015fki ak\u0131\u015f\u0131n\u0131 g\u00fc\u00e7lendireceksiniz.<\/p>\n<p>\u2022\u00a0\u00a0\u00a0\u00a0\u00a0\u00a0\u00a0\u00a0\u00a0 Duygusal sezgi becerilerini sosyal hayata ta\u015f\u0131yacaks\u0131n\u0131z.<\/p>\n<p><strong>Kimler \u0130\u00e7in?<\/strong><\/p>\n<p>\u2022\u00a0\u00a0\u00a0\u00a0\u00a0\u00a0\u00a0\u00a0\u00a0 Sosyal kayg\u0131s\u0131 olanlar<\/p>\n<p>\u2022\u00a0\u00a0\u00a0\u00a0\u00a0\u00a0\u00a0\u00a0\u00a0 Yeni ortamlara girmekte zorlananlar<\/p>\n<p>\u2022\u00a0\u00a0\u00a0\u00a0\u00a0\u00a0\u00a0\u00a0\u00a0 \u201cKonu\u015facak bir \u015fey bulam\u0131yorum\u201d diyenler<\/p>\n<p>\u2022\u00a0\u00a0\u00a0\u00a0\u00a0\u00a0\u00a0\u00a0\u00a0Giri\u015fken olmak isteyenler<\/p>\n<p><strong>G\u00f6r\u00fc\u015fme \u00d6zellikleri:<\/strong><\/p>\n<p>\u2022\u00a0\u00a0\u00a0\u00a0\u00a0\u00a0\u00a0\u00a0\u00a0 <strong>S\u00fcre:<\/strong> 250 dakika<\/p>\n<p><strong>\u00a0 \u00a0 \u00a0 \u00a0 \u00a0 \u00a0 \u2022 \u00a0 \u00a0 \u00a0 \u00a0 \u00a0 \u00a0 Teslim:<\/strong> 5 Adet 50 dakikal\u0131k Online G\u00f6r\u00fc\u015fme + k\u00f6k kal\u0131p analiz raporu + ki\u015fisel d\u00f6n\u00fc\u015f\u00fcm \u00f6neri sayfas\u0131<\/p>\n","protected":false},"excerpt":{"rendered":"<p>Ana Tema: Sosyal ortamlarda g\u00f6r\u00fcn\u00fcrl\u00fck ve etkile\u015fim Kapsanan Yetkinlikler: \u2022\u00a0\u00a0\u00a0\u00a0\u00a0\u00a0\u00a0\u00a0\u00a0 Ba\u011flanma Stili \u2022\u00a0\u00a0\u00a0\u00a0\u00a0\u00a0\u00a0\u00a0\u00a0 Ebeveyn Tutumlar\u0131 \u2022\u00a0\u00a0\u00a0\u00a0\u00a0\u00a0\u00a0\u00a0\u00a0 Sosyal Risk Alabilme \u2022\u00a0\u00a0\u00a0\u00a0\u00a0\u00a0\u00a0\u00a0\u00a0 Sosyal Rol Esnekli\u011fi \u2022\u00a0\u00a0\u00a0\u00a0\u00a0\u00a0\u00a0\u00a0\u00a0 Sosyal Sezgi &amp; Duygusal Okuryazarl\u0131k Neden Almal\u0131s\u0131n\u0131z? Sosyal ortamlarda g\u00f6r\u00fcnmez olmay\u0131 de\u011fil, kendin gibi parlamay\u0131 \u00f6\u011frenmenin zaman\u0131 geldi. Bu g\u00f6r\u00fc\u015fme; \u00e7ekingenli\u011fin ard\u0131ndaki i\u00e7 sesini duyman\u0131, sahneye ad\u0131m att\u0131\u011f\u0131nda kayg\u0131 de\u011fil \u00f6zg\u00fcven [&hellip;]<\/p>\n","protected":false},"featured_media":0,"comment_status":"open","ping_status":"closed","template":"","meta":{"_acf_changed":false,"content-type":""},"product_brand":[],"product_cat":[81,656],"product_tag":[661],"class_list":{"0":"post-56470","1":"product","2":"type-product","3":"status-publish","5":"product_cat-levaic","6":"product_cat-ozel-paketler","7":"product_tag-5-gorusme","9":"first","10":"instock","11":"shipping-taxable","12":"purchasable","13":"product-type-simple"},"acf":[],"_links":{"self":[{"href":"https:\/\/levaic.com\/en\/wp-json\/wp\/v2\/product\/56470","targetHints":{"allow":["GET"]}}],"collection":[{"href":"https:\/\/levaic.com\/en\/wp-json\/wp\/v2\/product"}],"about":[{"href":"https:\/\/levaic.com\/en\/wp-json\/wp\/v2\/types\/product"}],"replies":[{"embeddable":true,"href":"https:\/\/levaic.com\/en\/wp-json\/wp\/v2\/comments?post=56470"}],"version-history":[{"count":2,"href":"https:\/\/levaic.com\/en\/wp-json\/wp\/v2\/product\/56470\/revisions"}],"predecessor-version":[{"id":56553,"href":"https:\/\/levaic.com\/en\/wp-json\/wp\/v2\/product\/56470\/revisions\/56553"}],"wp:attachment":[{"href":"https:\/\/levaic.com\/en\/wp-json\/wp\/v2\/media?parent=56470"}],"wp:term":[{"taxonomy":"product_brand","embeddable":true,"href":"https:\/\/levaic.com\/en\/wp-json\/wp\/v2\/product_brand?post=56470"},{"taxonomy":"product_cat","embeddable":true,"href":"https:\/\/levaic.com\/en\/wp-json\/wp\/v2\/product_cat?post=56470"},{"taxonomy":"product_tag","embeddable":true,"href":"https:\/\/levaic.com\/en\/wp-json\/wp\/v2\/product_tag?post=56470"}],"curies":[{"name":"wp","href":"https:\/\/api.w.org\/{rel}","templated":true}]}}