
{"id":56458,"date":"2026-02-04T13:21:16","date_gmt":"2026-02-04T10:21:16","guid":{"rendered":"https:\/\/levaic.com\/?post_type=product&#038;p=56458"},"modified":"2026-02-04T18:27:53","modified_gmt":"2026-02-04T15:27:53","slug":"duygulari-yonet-iliskilerde-firtina-yerine-akisi-yarat-paket-5","status":"publish","type":"product","link":"https:\/\/levaic.com\/en\/urun\/duygulari-yonet-iliskilerde-firtina-yerine-akisi-yarat-paket-5\/","title":{"rendered":"DUYGULARI Y\u00d6NET : \u0130L\u0130\u015eK\u0130LERDE FIRTINA YER\u0130NE AKI\u015eI YARAT (Paket 5 &#8211; 5&#8217;li G\u00f6r\u00fc\u015fme)"},"content":{"rendered":"<p data-pm-slice=\"1 1 []\"><strong>Ana Tema:<\/strong> Duygusal Zek\u00e2 ve Reg\u00fclasyon Becerileri<\/p>\n<p><strong>Kapsanan Yetkinlikler:<\/strong><\/p>\n<p>\u2022\u00a0\u00a0\u00a0\u00a0\u00a0\u00a0\u00a0\u00a0\u00a0 Ba\u011flanma Stili<\/p>\n<p>\u2022\u00a0\u00a0\u00a0\u00a0\u00a0\u00a0\u00a0\u00a0\u00a0 Ebeveyn Tutumlar\u0131<\/p>\n<p>\u2022\u00a0\u00a0\u00a0\u00a0\u00a0\u00a0\u00a0\u00a0\u00a0 Duygusal Denge<\/p>\n<p>\u2022\u00a0\u00a0\u00a0\u00a0\u00a0\u00a0\u00a0\u00a0\u00a0 Sab\u0131r &amp; S\u00fcre\u00e7 Y\u00f6netimi<\/p>\n<p>\u2022\u00a0\u00a0\u00a0\u00a0\u00a0\u00a0\u00a0\u00a0\u00a0 \u00c7at\u0131\u015fma Y\u00f6netimi<\/p>\n<p><strong>Neden Almal\u0131s\u0131n\u0131z?<\/strong><\/p>\n<p>Duygular\u0131n kontrol\u00fc ele ge\u00e7irdi\u011finde, ili\u015fkilerde sevgi yerini savunmaya b\u0131rak\u0131r. Bu g\u00f6r\u00fc\u015fme, ani tepkiler yerine bilin\u00e7li yan\u0131tlar verebilmeni; f\u0131rt\u0131na h\u00e2lindeki ili\u015fkilerini denge ve ak\u0131\u015fa ta\u015f\u0131man\u0131 sa\u011flar. \u00c7\u00fcnk\u00fc duygular seni y\u00f6netmeyi b\u0131rakt\u0131\u011f\u0131nda, ba\u011f kurmak \u00e7ok daha kolay olur.<\/p>\n<p><strong>G\u00f6r\u00fc\u015fme Hedefi:<\/strong><\/p>\n<p>Bu g\u00f6r\u00fc\u015fmede :<\/p>\n<p>\u2022\u00a0\u00a0\u00a0\u00a0\u00a0\u00a0\u00a0\u00a0\u00a0 Duygular\u0131n\u0131 patlama\/\u00e7ekilme d\u00f6ng\u00fcs\u00fcne girmeden y\u00f6neteceksiniz.<\/p>\n<p>\u2022\u00a0\u00a0\u00a0\u00a0\u00a0\u00a0\u00a0\u00a0\u00a0 \u00c7at\u0131\u015fma an\u0131nda reg\u00fclasyon sa\u011flayacaks\u0131n\u0131z.<\/p>\n<p>\u2022\u00a0\u00a0\u00a0\u00a0\u00a0\u00a0\u00a0\u00a0\u00a0 Sab\u0131rs\u0131z kararlar\u0131n yerine s\u00fcre\u00e7 fark\u0131ndal\u0131\u011f\u0131 kazanacaks\u0131n\u0131z.<\/p>\n<p>\u2022\u00a0\u00a0\u00a0\u00a0\u00a0\u00a0\u00a0\u00a0\u00a0 \u0130li\u015fkilerde dinginlik ve tutarl\u0131l\u0131k yaratacaks\u0131n\u0131z.<\/p>\n<p><strong>Kimler \u0130\u00e7in?<\/strong><\/p>\n<p>\u2022\u00a0\u00a0\u00a0\u00a0\u00a0\u00a0\u00a0\u00a0\u00a0 Duygusal dalgalanmalar\u0131 yo\u011fun ya\u015fayanlar<\/p>\n<p>\u2022\u00a0\u00a0\u00a0\u00a0\u00a0\u00a0\u00a0\u00a0\u00a0 Tart\u0131\u015fmalarda kendini kaybedenler<\/p>\n<p>\u2022\u00a0\u00a0\u00a0\u00a0\u00a0\u00a0\u00a0\u00a0\u00a0 Sab\u0131rs\u0131zl\u0131k nedeniyle ili\u015fki kopu\u015flar\u0131 ya\u015fayanlar<\/p>\n<p>\u2022\u00a0\u00a0\u00a0\u00a0\u00a0\u00a0\u00a0\u00a0\u00a0\u201cKendime hakim olam\u0131yorum\u201d hissi ya\u015fayanlar<\/p>\n<p><strong>G\u00f6r\u00fc\u015fme \u00d6zellikleri:<\/strong><\/p>\n<p>\u2022\u00a0\u00a0\u00a0\u00a0\u00a0\u00a0\u00a0\u00a0\u00a0 <strong>S\u00fcre:<\/strong> 250 dakika<\/p>\n<p><strong>\u00a0 \u00a0 \u00a0 \u00a0 \u00a0 \u00a0 \u2022 \u00a0 \u00a0 \u00a0 \u00a0 \u00a0 \u00a0Teslim:<\/strong> 5 adet 50 dakikal\u0131k Online g\u00f6r\u00fc\u015fme + k\u00f6k kal\u0131p analiz raporu + ki\u015fisel d\u00f6n\u00fc\u015f\u00fcm \u00f6neri sayfas\u0131<\/p>\n","protected":false},"excerpt":{"rendered":"<p>Ana Tema: Duygusal Zek\u00e2 ve Reg\u00fclasyon Becerileri Kapsanan Yetkinlikler: \u2022\u00a0\u00a0\u00a0\u00a0\u00a0\u00a0\u00a0\u00a0\u00a0 Ba\u011flanma Stili \u2022\u00a0\u00a0\u00a0\u00a0\u00a0\u00a0\u00a0\u00a0\u00a0 Ebeveyn Tutumlar\u0131 \u2022\u00a0\u00a0\u00a0\u00a0\u00a0\u00a0\u00a0\u00a0\u00a0 Duygusal Denge \u2022\u00a0\u00a0\u00a0\u00a0\u00a0\u00a0\u00a0\u00a0\u00a0 Sab\u0131r &amp; S\u00fcre\u00e7 Y\u00f6netimi \u2022\u00a0\u00a0\u00a0\u00a0\u00a0\u00a0\u00a0\u00a0\u00a0 \u00c7at\u0131\u015fma Y\u00f6netimi Neden Almal\u0131s\u0131n\u0131z? Duygular\u0131n kontrol\u00fc ele ge\u00e7irdi\u011finde, ili\u015fkilerde sevgi yerini savunmaya b\u0131rak\u0131r. Bu g\u00f6r\u00fc\u015fme, ani tepkiler yerine bilin\u00e7li yan\u0131tlar verebilmeni; f\u0131rt\u0131na h\u00e2lindeki ili\u015fkilerini denge ve ak\u0131\u015fa ta\u015f\u0131man\u0131 sa\u011flar. \u00c7\u00fcnk\u00fc duygular [&hellip;]<\/p>\n","protected":false},"featured_media":0,"comment_status":"open","ping_status":"closed","template":"","meta":{"_acf_changed":false,"content-type":""},"product_brand":[],"product_cat":[81,656],"product_tag":[661],"class_list":{"0":"post-56458","1":"product","2":"type-product","3":"status-publish","5":"product_cat-levaic","6":"product_cat-ozel-paketler","7":"product_tag-5-gorusme","9":"first","10":"instock","11":"shipping-taxable","12":"purchasable","13":"product-type-simple"},"acf":[],"_links":{"self":[{"href":"https:\/\/levaic.com\/en\/wp-json\/wp\/v2\/product\/56458","targetHints":{"allow":["GET"]}}],"collection":[{"href":"https:\/\/levaic.com\/en\/wp-json\/wp\/v2\/product"}],"about":[{"href":"https:\/\/levaic.com\/en\/wp-json\/wp\/v2\/types\/product"}],"replies":[{"embeddable":true,"href":"https:\/\/levaic.com\/en\/wp-json\/wp\/v2\/comments?post=56458"}],"version-history":[{"count":2,"href":"https:\/\/levaic.com\/en\/wp-json\/wp\/v2\/product\/56458\/revisions"}],"predecessor-version":[{"id":56552,"href":"https:\/\/levaic.com\/en\/wp-json\/wp\/v2\/product\/56458\/revisions\/56552"}],"wp:attachment":[{"href":"https:\/\/levaic.com\/en\/wp-json\/wp\/v2\/media?parent=56458"}],"wp:term":[{"taxonomy":"product_brand","embeddable":true,"href":"https:\/\/levaic.com\/en\/wp-json\/wp\/v2\/product_brand?post=56458"},{"taxonomy":"product_cat","embeddable":true,"href":"https:\/\/levaic.com\/en\/wp-json\/wp\/v2\/product_cat?post=56458"},{"taxonomy":"product_tag","embeddable":true,"href":"https:\/\/levaic.com\/en\/wp-json\/wp\/v2\/product_tag?post=56458"}],"curies":[{"name":"wp","href":"https:\/\/api.w.org\/{rel}","templated":true}]}}