
{"id":56446,"date":"2026-02-04T13:18:16","date_gmt":"2026-02-04T10:18:16","guid":{"rendered":"https:\/\/levaic.com\/?post_type=product&#038;p=56446"},"modified":"2026-02-04T18:27:21","modified_gmt":"2026-02-04T15:27:21","slug":"aile-kodlari-ailem-benim-kim-oldugumu-nasil-sekillendirdi-paket4","status":"publish","type":"product","link":"https:\/\/levaic.com\/en\/urun\/aile-kodlari-ailem-benim-kim-oldugumu-nasil-sekillendirdi-paket4\/","title":{"rendered":"A\u0130LE KODLARI : A\u0130LEM BEN\u0130M K\u0130M OLDU\u011eUMU NASIL \u015eEK\u0130LLEND\u0130RD\u0130? (Paket4 &#8211; 5&#8217;li G\u00f6r\u00fc\u015fme)"},"content":{"rendered":"<p data-pm-slice=\"1 1 []\"><strong>Ana Tema:<\/strong> Ki\u015filik yap\u0131s\u0131 ve aile ili\u015fkileri<\/p>\n<p><strong>Kapsanan Yetkinlikler:<\/strong><\/p>\n<p>\u2022\u00a0\u00a0\u00a0\u00a0\u00a0\u00a0\u00a0\u00a0\u00a0 Ba\u011flanma Stili<\/p>\n<p>\u2022\u00a0\u00a0\u00a0\u00a0\u00a0\u00a0\u00a0\u00a0\u00a0 Ebeveyn Tutumlar\u0131<\/p>\n<p>\u2022\u00a0\u00a0\u00a0\u00a0\u00a0\u00a0\u00a0\u00a0\u00a0 \u0130\u00e7e\/D\u0131\u015fa D\u00f6n\u00fckl\u00fck<\/p>\n<p>\u2022\u00a0\u00a0\u00a0\u00a0\u00a0\u00a0\u00a0\u00a0\u00a0 \u0130\u00e7\/D\u0131\u015f Odakl\u0131l\u0131k<\/p>\n<p>\u2022\u00a0\u00a0\u00a0\u00a0\u00a0\u00a0\u00a0\u00a0\u00a0 Sorumluluk<\/p>\n<p><strong>Neden Almal\u0131s\u0131n\u0131z?<\/strong><\/p>\n<p>Kendi kararlar\u0131n\u0131 m\u0131 ya\u015f\u0131yorsun, yoksa fark etmeden ailenden devrald\u0131\u011f\u0131n kal\u0131plar\u0131 m\u0131? Bu g\u00f6r\u00fc\u015fme, ki\u015fili\u011fini \u015fekillendiren aile kodlar\u0131n\u0131 g\u00f6r\u00fcn\u00fcr k\u0131lar ve \u00fczerindeki g\u00f6r\u00fcnmeyen y\u00fckleri fark etmeni sa\u011flar. Kimli\u011fini yeniden tan\u0131mlamak, \u00f6nce ailenden ald\u0131klar\u0131n\u0131 \u00e7\u00f6zmekle ba\u015flar.<\/p>\n<p><strong>G\u00f6r\u00fc\u015fme Hedefi:<\/strong><\/p>\n<p>Bu g\u00f6r\u00fc\u015fmede :<\/p>\n<p>\u2022\u00a0\u00a0\u00a0\u00a0\u00a0\u00a0\u00a0\u00a0\u00a0 Ki\u015filik \u00f6zelliklerinin aile sisteminden nas\u0131l etkilendi\u011fini ke\u015ffedeceksiniz.<\/p>\n<p>\u2022\u00a0\u00a0\u00a0\u00a0\u00a0\u00a0\u00a0\u00a0\u00a0 \u0130\u00e7e\/d\u0131\u015fa d\u00f6n\u00fckl\u00fck, odak y\u00f6n\u00fc ve sorumluluk alg\u0131s\u0131n\u0131n k\u00f6kenlerini g\u00f6receksiniz.<\/p>\n<p>\u2022\u00a0\u00a0\u00a0\u00a0\u00a0\u00a0\u00a0\u00a0\u00a0 Kendili\u011fini aile kal\u0131plar\u0131ndan ay\u0131rmay\u0131 \u00f6\u011freneceksiniz.<\/p>\n<p>\u2022\u00a0\u00a0\u00a0\u00a0\u00a0\u00a0\u00a0\u00a0\u00a0 Ko\u015fulsuz benlik alan\u0131 olu\u015fturacaks\u0131n\u0131z.<\/p>\n\n<p><strong>Kimler \u0130\u00e7in?<\/strong><\/p>\n<p>\u2022\u00a0\u00a0\u00a0\u00a0\u00a0\u00a0\u00a0\u00a0\u00a0 Ailesinin y\u00fck\u00fcn\u00fc \u00fczerinden atamayanlar<\/p>\n<p>\u2022\u00a0\u00a0\u00a0\u00a0\u00a0\u00a0\u00a0\u00a0\u00a0 \u201cAilem b\u00f6yleydi ben de b\u00f6yle oldum\u201d hissine sahip olanlar<\/p>\n<p>\u2022\u00a0\u00a0\u00a0\u00a0\u00a0\u00a0\u00a0\u00a0\u00a0 Ki\u015filik y\u00f6nlerini yeniden anlamak isteyenler<\/p>\n<p>\u2022\u00a0\u00a0\u00a0\u00a0\u00a0\u00a0\u00a0\u00a0\u00a0Sorumluluk bask\u0131s\u0131 hissedenler<\/p>\n<p><strong>G\u00f6r\u00fc\u015fme \u00d6zellikleri:<\/strong><\/p>\n<p>\u2022\u00a0\u00a0\u00a0\u00a0\u00a0\u00a0\u00a0\u00a0\u00a0 <strong>S\u00fcre:<\/strong> 250 dakika<\/p>\n<p><strong>\u00a0 \u00a0 \u00a0 \u00a0 \u00a0 \u00a0 \u2022 \u00a0 \u00a0 \u00a0 \u00a0 Teslim:<\/strong> 5 Adet 50 dakkal\u0131k Online g\u00f6r\u00fc\u015fme + k\u00f6k kal\u0131p analiz raporu + ki\u015fisel d\u00f6n\u00fc\u015f\u00fcm \u00f6neri sayfas\u0131<\/p>\n","protected":false},"excerpt":{"rendered":"<p>Ana Tema: Ki\u015filik yap\u0131s\u0131 ve aile ili\u015fkileri Kapsanan Yetkinlikler: \u2022\u00a0\u00a0\u00a0\u00a0\u00a0\u00a0\u00a0\u00a0\u00a0 Ba\u011flanma Stili \u2022\u00a0\u00a0\u00a0\u00a0\u00a0\u00a0\u00a0\u00a0\u00a0 Ebeveyn Tutumlar\u0131 \u2022\u00a0\u00a0\u00a0\u00a0\u00a0\u00a0\u00a0\u00a0\u00a0 \u0130\u00e7e\/D\u0131\u015fa D\u00f6n\u00fckl\u00fck \u2022\u00a0\u00a0\u00a0\u00a0\u00a0\u00a0\u00a0\u00a0\u00a0 \u0130\u00e7\/D\u0131\u015f Odakl\u0131l\u0131k \u2022\u00a0\u00a0\u00a0\u00a0\u00a0\u00a0\u00a0\u00a0\u00a0 Sorumluluk Neden Almal\u0131s\u0131n\u0131z? Kendi kararlar\u0131n\u0131 m\u0131 ya\u015f\u0131yorsun, yoksa fark etmeden ailenden devrald\u0131\u011f\u0131n kal\u0131plar\u0131 m\u0131? Bu g\u00f6r\u00fc\u015fme, ki\u015fili\u011fini \u015fekillendiren aile kodlar\u0131n\u0131 g\u00f6r\u00fcn\u00fcr k\u0131lar ve \u00fczerindeki g\u00f6r\u00fcnmeyen y\u00fckleri fark etmeni sa\u011flar. Kimli\u011fini yeniden tan\u0131mlamak, \u00f6nce [&hellip;]<\/p>\n","protected":false},"featured_media":0,"comment_status":"open","ping_status":"closed","template":"","meta":{"_acf_changed":false,"content-type":""},"product_brand":[],"product_cat":[81,656],"product_tag":[661],"class_list":{"0":"post-56446","1":"product","2":"type-product","3":"status-publish","5":"product_cat-levaic","6":"product_cat-ozel-paketler","7":"product_tag-5-gorusme","9":"first","10":"instock","11":"shipping-taxable","12":"purchasable","13":"product-type-simple"},"acf":[],"_links":{"self":[{"href":"https:\/\/levaic.com\/en\/wp-json\/wp\/v2\/product\/56446","targetHints":{"allow":["GET"]}}],"collection":[{"href":"https:\/\/levaic.com\/en\/wp-json\/wp\/v2\/product"}],"about":[{"href":"https:\/\/levaic.com\/en\/wp-json\/wp\/v2\/types\/product"}],"replies":[{"embeddable":true,"href":"https:\/\/levaic.com\/en\/wp-json\/wp\/v2\/comments?post=56446"}],"version-history":[{"count":2,"href":"https:\/\/levaic.com\/en\/wp-json\/wp\/v2\/product\/56446\/revisions"}],"predecessor-version":[{"id":56551,"href":"https:\/\/levaic.com\/en\/wp-json\/wp\/v2\/product\/56446\/revisions\/56551"}],"wp:attachment":[{"href":"https:\/\/levaic.com\/en\/wp-json\/wp\/v2\/media?parent=56446"}],"wp:term":[{"taxonomy":"product_brand","embeddable":true,"href":"https:\/\/levaic.com\/en\/wp-json\/wp\/v2\/product_brand?post=56446"},{"taxonomy":"product_cat","embeddable":true,"href":"https:\/\/levaic.com\/en\/wp-json\/wp\/v2\/product_cat?post=56446"},{"taxonomy":"product_tag","embeddable":true,"href":"https:\/\/levaic.com\/en\/wp-json\/wp\/v2\/product_tag?post=56446"}],"curies":[{"name":"wp","href":"https:\/\/api.w.org\/{rel}","templated":true}]}}