
{"id":56434,"date":"2026-02-04T13:15:27","date_gmt":"2026-02-04T10:15:27","guid":{"rendered":"https:\/\/levaic.com\/?post_type=product&#038;p=56434"},"modified":"2026-02-04T18:27:03","modified_gmt":"2026-02-04T15:27:03","slug":"askta-sinirlar-romantik-yakinliginin-haritasin-ogren-paket3","status":"publish","type":"product","link":"https:\/\/levaic.com\/en\/urun\/askta-sinirlar-romantik-yakinliginin-haritasin-ogren-paket3\/","title":{"rendered":"A\u015eKTA SINIRLAR : ROMANT\u0130K YAKINLI\u011eININ HAR\u0130TASIN \u00d6\u011eREN (Paket3 &#8211; 5&#8217;li G\u00f6r\u00fc\u015fme)"},"content":{"rendered":"<p data-pm-slice=\"1 1 []\"><strong>Ana Tema:<\/strong> Romantik ili\u015fkilerde temas, ba\u011f ve s\u0131n\u0131r \u00e7izimi<\/p>\n<p><strong>Kapsanan Yetkinlikler:<\/strong><\/p>\n<p>\u2022\u00a0\u00a0\u00a0\u00a0\u00a0\u00a0\u00a0\u00a0\u00a0 Ba\u011flanma Stili<\/p>\n<p>\u2022\u00a0\u00a0\u00a0\u00a0\u00a0\u00a0\u00a0\u00a0\u00a0 Ebeveyn Tutumlar\u0131<\/p>\n<p>\u2022\u00a0\u00a0\u00a0\u00a0\u00a0\u00a0\u00a0\u00a0\u00a0 Romantik Yak\u0131nl\u0131k &amp; S\u0131n\u0131r Belirleme<\/p>\n<p>\u2022\u00a0\u00a0\u00a0\u00a0\u00a0\u00a0\u00a0\u00a0\u00a0 Fl\u00f6rt ve Cinselli\u011fe Yakla\u015f\u0131m<\/p>\n<p>\u2022\u00a0\u00a0\u00a0\u00a0\u00a0\u00a0\u00a0\u00a0\u00a0 Fiziksel Yak\u0131nl\u0131\u011fa Tepki &amp; Dokunsall\u0131k<\/p>\n<p><strong>Neden Almal\u0131s\u0131n\u0131z?<\/strong><\/p>\n<p>Yak\u0131nla\u015f\u0131nca kendini kaybediyor, mesafe koyunca da sevgi eksiliyor mu? Bu g\u00f6r\u00fc\u015fme, romantik ili\u015fkilerde s\u0131n\u0131rlar\u0131n\u0131 koruyarak yak\u0131n olman\u0131n m\u00fcmk\u00fcn oldu\u011funu sana g\u00f6sterecek. Ger\u00e7ek ba\u011f, ya her \u015feyi vermekle ya da geri \u00e7ekilmekle de\u011fil; nerede durdu\u011funu bilmekle kurulur.<\/p>\n<p><strong>G\u00f6r\u00fc\u015fme Hedefi:<\/strong><\/p>\n<p>Bu g\u00f6r\u00fc\u015fmede:<\/p>\n<p>\u2022\u00a0\u00a0\u00a0\u00a0\u00a0\u00a0\u00a0\u00a0\u00a0 Yak\u0131nl\u0131ktan neden ka\u00e7t\u0131\u011f\u0131n\u0131 veya neden i\u00e7inde kayboldu\u011funu fark edeceksiniz.<\/p>\n<p>\u2022\u00a0\u00a0\u00a0\u00a0\u00a0\u00a0\u00a0\u00a0\u00a0 Sa\u011fl\u0131kl\u0131 s\u0131n\u0131rlar ile sevgi aras\u0131ndaki dengeyi kuracaks\u0131n\u0131z.<\/p>\n<p>\u2022\u00a0\u00a0\u00a0\u00a0\u00a0\u00a0\u00a0\u00a0\u00a0 Fl\u00f6rt ve cinsellikte do\u011fal ak\u0131\u015f\u0131 yeniden ke\u015ffedeceksiniz.<\/p>\n<p>\u2022\u00a0\u00a0\u00a0\u00a0\u00a0\u00a0\u00a0\u00a0\u00a0 Dokunsall\u0131\u011f\u0131n kendi hayat\u0131ndaki yerini anlayacaks\u0131n\u0131z.<\/p>\n<p>\u2022\u00a0\u00a0\u00a0\u00a0\u00a0\u00a0\u00a0\u00a0\u00a0 Romantik ili\u015fkilerde g\u00fcvenli ba\u011f\u0131n temellerini atacaks\u0131n\u0131z.<\/p>\n<p><strong>\u00a0Kimler \u0130\u00e7in?<\/strong><\/p>\n<p>\u2022\u00a0\u00a0\u00a0\u00a0\u00a0\u00a0\u00a0\u00a0\u00a0 Yak\u0131n ili\u015fkilerde kaybolanlar<\/p>\n<p>\u2022\u00a0\u00a0\u00a0\u00a0\u00a0\u00a0\u00a0\u00a0\u00a0 Fazla mesafeli olanlar<\/p>\n<p>\u2022\u00a0\u00a0\u00a0\u00a0\u00a0\u00a0\u00a0\u00a0\u00a0 Yak\u0131nla\u015f\u0131nca korkan, uzakla\u015f\u0131nca \u00f6zleyenler<\/p>\n<p>\u2022\u00a0\u00a0\u00a0\u00a0\u00a0\u00a0\u00a0\u00a0\u00a0 Fl\u00f6rt s\u00fcrecinde zorlananlar<\/p>\n<p>\u2022\u00a0\u00a0\u00a0\u00a0\u00a0\u00a0\u00a0\u00a0\u00a0Fiziksel temasla ilgili belirsizlik ya\u015fayanlar<\/p>\n<p><strong>G\u00f6r\u00fc\u015fme \u00d6zellikleri:<\/strong><\/p>\n<p>\u2022\u00a0\u00a0\u00a0\u00a0\u00a0\u00a0\u00a0\u00a0\u00a0 <strong>S\u00fcre:<\/strong> 250 dakika<\/p>\n<p><strong>\u00a0 \u00a0 \u00a0 \u00a0 \u00a0 \u00a0 \u2022 \u00a0 \u00a0 \u00a0 \u00a0 Teslim:<\/strong> 5 Adet 50 Dakikal\u0131k Online G\u00f6r\u00fc\u015fme + k\u00f6k kal\u0131p analiz raporu + ki\u015fisel d\u00f6n\u00fc\u015f\u00fcm \u00f6neri sayfas\u0131<\/p>\n","protected":false},"excerpt":{"rendered":"<p>Ana Tema: Romantik ili\u015fkilerde temas, ba\u011f ve s\u0131n\u0131r \u00e7izimi Kapsanan Yetkinlikler: \u2022\u00a0\u00a0\u00a0\u00a0\u00a0\u00a0\u00a0\u00a0\u00a0 Ba\u011flanma Stili \u2022\u00a0\u00a0\u00a0\u00a0\u00a0\u00a0\u00a0\u00a0\u00a0 Ebeveyn Tutumlar\u0131 \u2022\u00a0\u00a0\u00a0\u00a0\u00a0\u00a0\u00a0\u00a0\u00a0 Romantik Yak\u0131nl\u0131k &amp; S\u0131n\u0131r Belirleme \u2022\u00a0\u00a0\u00a0\u00a0\u00a0\u00a0\u00a0\u00a0\u00a0 Fl\u00f6rt ve Cinselli\u011fe Yakla\u015f\u0131m \u2022\u00a0\u00a0\u00a0\u00a0\u00a0\u00a0\u00a0\u00a0\u00a0 Fiziksel Yak\u0131nl\u0131\u011fa Tepki &amp; Dokunsall\u0131k Neden Almal\u0131s\u0131n\u0131z? Yak\u0131nla\u015f\u0131nca kendini kaybediyor, mesafe koyunca da sevgi eksiliyor mu? Bu g\u00f6r\u00fc\u015fme, romantik ili\u015fkilerde s\u0131n\u0131rlar\u0131n\u0131 koruyarak yak\u0131n olman\u0131n m\u00fcmk\u00fcn oldu\u011funu [&hellip;]<\/p>\n","protected":false},"featured_media":0,"comment_status":"open","ping_status":"closed","template":"","meta":{"_acf_changed":false,"content-type":""},"product_brand":[],"product_cat":[81,656],"product_tag":[661],"class_list":{"0":"post-56434","1":"product","2":"type-product","3":"status-publish","5":"product_cat-levaic","6":"product_cat-ozel-paketler","7":"product_tag-5-gorusme","9":"first","10":"instock","11":"shipping-taxable","12":"purchasable","13":"product-type-simple"},"acf":[],"_links":{"self":[{"href":"https:\/\/levaic.com\/en\/wp-json\/wp\/v2\/product\/56434","targetHints":{"allow":["GET"]}}],"collection":[{"href":"https:\/\/levaic.com\/en\/wp-json\/wp\/v2\/product"}],"about":[{"href":"https:\/\/levaic.com\/en\/wp-json\/wp\/v2\/types\/product"}],"replies":[{"embeddable":true,"href":"https:\/\/levaic.com\/en\/wp-json\/wp\/v2\/comments?post=56434"}],"version-history":[{"count":2,"href":"https:\/\/levaic.com\/en\/wp-json\/wp\/v2\/product\/56434\/revisions"}],"predecessor-version":[{"id":56550,"href":"https:\/\/levaic.com\/en\/wp-json\/wp\/v2\/product\/56434\/revisions\/56550"}],"wp:attachment":[{"href":"https:\/\/levaic.com\/en\/wp-json\/wp\/v2\/media?parent=56434"}],"wp:term":[{"taxonomy":"product_brand","embeddable":true,"href":"https:\/\/levaic.com\/en\/wp-json\/wp\/v2\/product_brand?post=56434"},{"taxonomy":"product_cat","embeddable":true,"href":"https:\/\/levaic.com\/en\/wp-json\/wp\/v2\/product_cat?post=56434"},{"taxonomy":"product_tag","embeddable":true,"href":"https:\/\/levaic.com\/en\/wp-json\/wp\/v2\/product_tag?post=56434"}],"curies":[{"name":"wp","href":"https:\/\/api.w.org\/{rel}","templated":true}]}}