
{"id":56421,"date":"2026-02-04T13:11:27","date_gmt":"2026-02-04T10:11:27","guid":{"rendered":"https:\/\/levaic.com\/?post_type=product&#038;p=56421"},"modified":"2026-02-04T18:26:43","modified_gmt":"2026-02-04T15:26:43","slug":"gorundugun-guc-icindeki-dayanikliligi-uyandir","status":"publish","type":"product","link":"https:\/\/levaic.com\/en\/urun\/gorundugun-guc-icindeki-dayanikliligi-uyandir\/","title":{"rendered":"G\u00d6R\u00dcND\u00dc\u011e\u00dcN G\u00dc\u00c7 : \u0130\u00c7\u0130NDEK\u0130 DAYANIKLILI\u011eI UYANDIR (Paket 2 &#8211; 5&#8217;li G\u00f6r\u00fc\u015fme)"},"content":{"rendered":"<p data-pm-slice=\"1 1 []\"><strong>Ana Tema:<\/strong> Ki\u015fisel i\u00e7g\u00f6r\u00fc, s\u0131n\u0131rlar ve \u00f6zg\u00fcven<\/p>\n<p><strong>Kapsanan Yetkinlikler: BENL\u0130K VE DUYGUSAL DAYANIKLILIK<\/strong><\/p>\n<p>\u2022\u00a0\u00a0\u00a0\u00a0\u00a0\u00a0\u00a0\u00a0\u00a0 Ba\u011flanma Stili<\/p>\n<p>\u2022\u00a0\u00a0\u00a0\u00a0\u00a0\u00a0\u00a0\u00a0\u00a0 Ebeveyn Tutumlar\u0131<\/p>\n<p>\u2022\u00a0\u00a0\u00a0\u00a0\u00a0\u00a0\u00a0\u00a0\u00a0 \u00d6zg\u00fcven &amp; \u00d6zsayg\u0131<\/p>\n<p>\u2022\u00a0\u00a0\u00a0\u00a0\u00a0\u00a0\u00a0\u00a0\u00a0 \u00d6z\u015fefkat<\/p>\n<p>\u2022\u00a0\u00a0\u00a0\u00a0\u00a0\u00a0\u00a0\u00a0\u00a0 Kendine G\u00fcven<\/p>\n<p><strong>Neden Almal\u0131s\u0131n\u0131z?<\/strong><\/p>\n<p>G\u00fc\u00e7l\u00fc g\u00f6r\u00fcn\u00fcyorsunuz, ama i\u00e7eride k\u0131r\u0131lgan hissediyorsan\u0131z bu \u00e7eli\u015fki sizi de\u011fil, sisteminizi anlat\u0131yor. Bu g\u00f6r\u00fc\u015fme, i\u00e7sel dayan\u0131kl\u0131l\u0131\u011f\u0131n\u0131z\u0131 uyand\u0131rarak sadece g\u00f6r\u00fcn\u00fcrde de\u011fil, ger\u00e7ekten g\u00fc\u00e7l\u00fc olman\u0131z\u0131 sa\u011flar. Kendinize olan g\u00fcveni d\u0131\u015far\u0131dan de\u011fil, art\u0131k i\u00e7eriden in\u015fa etmeye ba\u015flars\u0131n\u0131z.<\/p>\n<p><strong>\u00a0G\u00f6r\u00fc\u015fme Hedefi:<\/strong><\/p>\n<p>Bu g\u00f6r\u00fc\u015fmede:<\/p>\n<p>\u2022\u00a0\u00a0\u00a0\u00a0\u00a0\u00a0\u00a0\u00a0\u00a0 \u0130\u00e7 k\u0131r\u0131lganl\u0131klar\u0131n\u0131 tan\u0131r ve g\u00fc\u00e7 kayna\u011f\u0131na d\u00f6n\u00fc\u015ft\u00fcreceksiniz.<\/p>\n<p>\u2022\u00a0\u00a0\u00a0\u00a0\u00a0\u00a0\u00a0\u00a0\u00a0 Ele\u015ftiri, reddedilme, onay ihtiyac\u0131 gibi duygusal tetikleyicilerle ba\u015f etmeyi \u00f6\u011freneceksiniz.<\/p>\n<p>\u2022\u00a0\u00a0\u00a0\u00a0\u00a0\u00a0\u00a0\u00a0\u00a0 Kendini hem eylemde hem varolu\u015fta de\u011ferli g\u00f6rmeye ba\u015flayacaks\u0131n\u0131z.<\/p>\n<p>\u2022\u00a0\u00a0\u00a0\u00a0\u00a0\u00a0\u00a0\u00a0\u00a0 \u00d6z\u015fefkati g\u00fc\u00e7lendirerek i\u00e7sel bask\u0131lar\u0131 azaltacaks\u0131n\u0131z.<\/p>\n<p>\u2022\u00a0\u00a0\u00a0\u00a0\u00a0\u00a0\u00a0\u00a0\u00a0 Kendine g\u00fcveni hem zihinsel hem davran\u0131\u015fsal olarak yeniden kuracaks\u0131n\u0131z.<\/p>\n<p><strong>Kimler \u0130\u00e7in?<\/strong><\/p>\n<p>\u2022\u00a0\u00a0\u00a0\u00a0\u00a0\u00a0\u00a0\u00a0\u00a0 D\u0131\u015far\u0131dan g\u00fc\u00e7l\u00fc g\u00f6r\u00fcnse de i\u00e7ten k\u0131r\u0131lgan olanlar<\/p>\n<p>\u2022\u00a0\u00a0\u00a0\u00a0\u00a0\u00a0\u00a0\u00a0\u00a0 Onaylanma ihtiyac\u0131ndan yorulanlar<\/p>\n<p>\u2022\u00a0\u00a0\u00a0\u00a0\u00a0\u00a0\u00a0\u00a0\u00a0 Hay\u0131r demekte zorlananlar<\/p>\n<p>\u2022\u00a0\u00a0\u00a0\u00a0\u00a0\u00a0\u00a0\u00a0\u00a0 Kendini s\u00fcrekli yetersiz hissedenler<\/p>\n<p>\u2022\u00a0\u00a0\u00a0\u00a0\u00a0\u00a0\u00a0\u00a0\u00a0\u00d6z de\u011fer alg\u0131s\u0131n\u0131 g\u00fc\u00e7lendirmek isteyenler<\/p>\n<p><strong>G\u00f6r\u00fc\u015fme \u00d6zellikleri:<\/strong><\/p>\n<p>\u2022\u00a0\u00a0\u00a0\u00a0\u00a0\u00a0\u00a0\u00a0\u00a0 <strong>S\u00fcre:<\/strong> 250 dakika<\/p>\n<p><strong>\u00a0 \u00a0 \u00a0 \u00a0 \u00a0 \u00a0 \u2022 \u00a0 \u00a0 \u00a0 \u00a0 \u00a0 \u00a0Teslim:<\/strong> 5 adet 50 dakikal\u0131k Online g\u00f6r\u00fc\u015fme + k\u00f6k kal\u0131p analiz raporu + ki\u015fisel d\u00f6n\u00fc\u015f\u00fcm \u00f6neri sayfas\u0131<\/p>\n","protected":false},"excerpt":{"rendered":"<p>Ana Tema: Ki\u015fisel i\u00e7g\u00f6r\u00fc, s\u0131n\u0131rlar ve \u00f6zg\u00fcven Kapsanan Yetkinlikler: BENL\u0130K VE DUYGUSAL DAYANIKLILIK \u2022\u00a0\u00a0\u00a0\u00a0\u00a0\u00a0\u00a0\u00a0\u00a0 Ba\u011flanma Stili \u2022\u00a0\u00a0\u00a0\u00a0\u00a0\u00a0\u00a0\u00a0\u00a0 Ebeveyn Tutumlar\u0131 \u2022\u00a0\u00a0\u00a0\u00a0\u00a0\u00a0\u00a0\u00a0\u00a0 \u00d6zg\u00fcven &amp; \u00d6zsayg\u0131 \u2022\u00a0\u00a0\u00a0\u00a0\u00a0\u00a0\u00a0\u00a0\u00a0 \u00d6z\u015fefkat \u2022\u00a0\u00a0\u00a0\u00a0\u00a0\u00a0\u00a0\u00a0\u00a0 Kendine G\u00fcven Neden Almal\u0131s\u0131n\u0131z? G\u00fc\u00e7l\u00fc g\u00f6r\u00fcn\u00fcyorsunuz, ama i\u00e7eride k\u0131r\u0131lgan hissediyorsan\u0131z bu \u00e7eli\u015fki sizi de\u011fil, sisteminizi anlat\u0131yor. Bu g\u00f6r\u00fc\u015fme, i\u00e7sel dayan\u0131kl\u0131l\u0131\u011f\u0131n\u0131z\u0131 uyand\u0131rarak sadece g\u00f6r\u00fcn\u00fcrde de\u011fil, ger\u00e7ekten g\u00fc\u00e7l\u00fc olman\u0131z\u0131 sa\u011flar. Kendinize [&hellip;]<\/p>\n","protected":false},"featured_media":0,"comment_status":"open","ping_status":"closed","template":"","meta":{"_acf_changed":false,"content-type":""},"product_brand":[],"product_cat":[81,656],"product_tag":[661],"class_list":{"0":"post-56421","1":"product","2":"type-product","3":"status-publish","5":"product_cat-levaic","6":"product_cat-ozel-paketler","7":"product_tag-5-gorusme","9":"first","10":"instock","11":"shipping-taxable","12":"purchasable","13":"product-type-simple"},"acf":[],"_links":{"self":[{"href":"https:\/\/levaic.com\/en\/wp-json\/wp\/v2\/product\/56421","targetHints":{"allow":["GET"]}}],"collection":[{"href":"https:\/\/levaic.com\/en\/wp-json\/wp\/v2\/product"}],"about":[{"href":"https:\/\/levaic.com\/en\/wp-json\/wp\/v2\/types\/product"}],"replies":[{"embeddable":true,"href":"https:\/\/levaic.com\/en\/wp-json\/wp\/v2\/comments?post=56421"}],"version-history":[{"count":3,"href":"https:\/\/levaic.com\/en\/wp-json\/wp\/v2\/product\/56421\/revisions"}],"predecessor-version":[{"id":56549,"href":"https:\/\/levaic.com\/en\/wp-json\/wp\/v2\/product\/56421\/revisions\/56549"}],"wp:attachment":[{"href":"https:\/\/levaic.com\/en\/wp-json\/wp\/v2\/media?parent=56421"}],"wp:term":[{"taxonomy":"product_brand","embeddable":true,"href":"https:\/\/levaic.com\/en\/wp-json\/wp\/v2\/product_brand?post=56421"},{"taxonomy":"product_cat","embeddable":true,"href":"https:\/\/levaic.com\/en\/wp-json\/wp\/v2\/product_cat?post=56421"},{"taxonomy":"product_tag","embeddable":true,"href":"https:\/\/levaic.com\/en\/wp-json\/wp\/v2\/product_tag?post=56421"}],"curies":[{"name":"wp","href":"https:\/\/api.w.org\/{rel}","templated":true}]}}