
{"id":56407,"date":"2026-02-04T13:04:15","date_gmt":"2026-02-04T10:04:15","guid":{"rendered":"https:\/\/levaic.com\/?post_type=product&#038;p=56407"},"modified":"2026-02-04T18:26:23","modified_gmt":"2026-02-04T15:26:23","slug":"tekrarlayan-iliskilerin-sirri-kokunu-coz-donguyu-kir","status":"publish","type":"product","link":"https:\/\/levaic.com\/en\/urun\/tekrarlayan-iliskilerin-sirri-kokunu-coz-donguyu-kir\/","title":{"rendered":"TEKRARLAYAN \u0130L\u0130\u015eK\u0130LER\u0130N SIRRI : K\u00d6K\u00dcN\u00dc \u00c7\u00d6Z, D\u00d6NG\u00dcY\u00dc KIR! (Paket 1 &#8211; 5&#8217;li G\u00f6r\u00fc\u015fme)"},"content":{"rendered":"<p data-pm-slice=\"1 1 []\"><strong>Ana Tema:<\/strong> \u0130li\u015fki kal\u0131plar\u0131n\u0131n k\u00f6kenine inme<\/p>\n<p><strong>Kapsanan Yetkinlikler: K\u00d6KLER VE KALIPLAR<\/strong><\/p>\n<p>\u2022\u00a0\u00a0\u00a0\u00a0\u00a0\u00a0\u00a0\u00a0\u00a0 Ba\u011flanma Stili<\/p>\n<p>\u2022\u00a0\u00a0\u00a0\u00a0\u00a0\u00a0\u00a0\u00a0\u00a0 Ebeveyn Tutumlar\u0131<\/p>\n<p>\u2022\u00a0\u00a0\u00a0\u00a0\u00a0\u00a0\u00a0\u00a0\u00a0 Ge\u00e7mi\u015f \u0130li\u015fki Deneyimleri<\/p>\n<p>\u2022\u00a0\u00a0\u00a0\u00a0\u00a0\u00a0\u00a0\u00a0\u00a0 De\u011ferler ve \u0130nan\u00e7lar<\/p>\n<p>\u2022\u00a0\u00a0\u00a0\u00a0\u00a0\u00a0\u00a0\u00a0\u00a0 D\u00fcnyaya Duyulan G\u00fcven<\/p>\n<p><strong>Neden Almal\u0131s\u0131n\u0131z?<\/strong><\/p>\n<p>Hep ayn\u0131 ili\u015fkiyi farkl\u0131 ki\u015filerle ya\u015f\u0131yor, \u201cBu d\u00f6ng\u00fc neden bitmiyor?\u201d diye sorguluyorsan\u0131z, cevap k\u00f6klerinizde sakl\u0131. Bu g\u00f6r\u00fc\u015fme, tekrar eden ili\u015fki kal\u0131plar\u0131n\u0131z\u0131n ard\u0131ndaki g\u00f6r\u00fcnmeyen ba\u011flar\u0131 a\u00e7\u0131\u011fa \u00e7\u0131kar\u0131r. Fark etti\u011finiz anda, k\u0131rmaya haz\u0131r oldu\u011funuz d\u00f6ng\u00fc art\u0131k kaderiniz olmaktan \u00e7\u0131kar.<\/p>\n<p><strong>G\u00f6r\u00fc\u015fme Hedefi:<\/strong><\/p>\n<p>Bu g\u00f6r\u00fc\u015fmede :<\/p>\n<p>\u2022\u00a0\u00a0\u00a0\u00a0\u00a0\u00a0\u00a0\u00a0\u00a0 \u0130li\u015fkilerinde tekrar eden d\u00f6ng\u00fclerin k\u00f6k nedenlerini ke\u015ffedeceksiniz.<\/p>\n<p>\u2022\u00a0\u00a0\u00a0\u00a0\u00a0\u00a0\u00a0\u00a0\u00a0 Aileden gelen ili\u015fki \u015fablonlar\u0131n\u0131n bug\u00fcne nas\u0131l yans\u0131d\u0131\u011f\u0131n\u0131 fark edeceksiniz.<\/p>\n<p>\u2022\u00a0\u00a0\u00a0\u00a0\u00a0\u00a0\u00a0\u00a0\u00a0 \u201cNeden hep ayn\u0131 insanlar\u0131 se\u00e7iyorum?\u201d sorusunun yan\u0131tlar\u0131n\u0131 bulacaks\u0131n\u0131z.<\/p>\n<p>\u2022\u00a0\u00a0\u00a0\u00a0\u00a0\u00a0\u00a0\u00a0\u00a0 Kendi de\u011ferleri ve inan\u00e7lar\u0131yla ili\u015fkisel se\u00e7imleri aras\u0131ndaki ba\u011flant\u0131y\u0131 g\u00f6receksiniz.<\/p>\n<p>\u2022\u00a0\u00a0\u00a0\u00a0\u00a0\u00a0\u00a0\u00a0\u00a0 G\u00fcven duygusunun i\u00e7sel ve d\u0131\u015fsal kaynaklar\u0131n\u0131 tan\u0131mlayabileceksiniz.<\/p>\n<p><strong>Bu G\u00f6r\u00fc\u015fme Kimler \u0130\u00e7in?<\/strong><\/p>\n<p>\u2022\u00a0\u00a0\u00a0\u00a0\u00a0\u00a0\u00a0\u00a0\u00a0 \u201cHep ayn\u0131 ili\u015fkiyi farkl\u0131 ki\u015filerle ya\u015f\u0131yorum\u201d diyenler<\/p>\n<p>\u2022\u00a0\u00a0\u00a0\u00a0\u00a0\u00a0\u00a0\u00a0\u00a0 Aile kal\u0131plar\u0131n\u0131n ili\u015fkilerini etkiledi\u011fini hissedenler<\/p>\n<p>\u2022\u00a0\u00a0\u00a0\u00a0\u00a0\u00a0\u00a0\u00a0\u00a0 Ge\u00e7mi\u015f ili\u015fkilerin g\u00f6lgesinden \u00e7\u0131kmak isteyenler<\/p>\n<p>\u2022\u00a0\u00a0\u00a0\u00a0\u00a0\u00a0\u00a0\u00a0\u00a0 Duygusal d\u00f6ng\u00fclere s\u0131k\u0131\u015f\u0131p kalanlar<\/p>\n<p>\u2022\u00a0\u00a0\u00a0\u00a0\u00a0\u00a0\u00a0\u00a0\u00a0 G\u00fcven problemi ya\u015fayanlar<\/p>\n<p><strong>G\u00f6r\u00fc\u015fme \u00d6zellikleri:<\/strong><\/p>\n<p>\u2022\u00a0\u00a0\u00a0\u00a0\u00a0\u00a0\u00a0\u00a0\u00a0 <strong>S\u00fcre:<\/strong> 250 dakika<\/p>\n<p><strong>\u00a0 \u00a0 \u00a0 \u00a0 \u00a0 \u00a0 \u2022 \u00a0 \u00a0 \u00a0 \u00a0 \u00a0 \u00a0Teslim:<\/strong> 5 Adet 50 dakikal\u0131k Online g\u00f6r\u00fc\u015fme + k\u00f6k kal\u0131p analiz raporu + ki\u015fisel d\u00f6n\u00fc\u015f\u00fcm \u00f6neri sayfas\u0131<\/p>\n","protected":false},"excerpt":{"rendered":"<p>Ana Tema: \u0130li\u015fki kal\u0131plar\u0131n\u0131n k\u00f6kenine inme Kapsanan Yetkinlikler: K\u00d6KLER VE KALIPLAR \u2022\u00a0\u00a0\u00a0\u00a0\u00a0\u00a0\u00a0\u00a0\u00a0 Ba\u011flanma Stili \u2022\u00a0\u00a0\u00a0\u00a0\u00a0\u00a0\u00a0\u00a0\u00a0 Ebeveyn Tutumlar\u0131 \u2022\u00a0\u00a0\u00a0\u00a0\u00a0\u00a0\u00a0\u00a0\u00a0 Ge\u00e7mi\u015f \u0130li\u015fki Deneyimleri \u2022\u00a0\u00a0\u00a0\u00a0\u00a0\u00a0\u00a0\u00a0\u00a0 De\u011ferler ve \u0130nan\u00e7lar \u2022\u00a0\u00a0\u00a0\u00a0\u00a0\u00a0\u00a0\u00a0\u00a0 D\u00fcnyaya Duyulan G\u00fcven Neden Almal\u0131s\u0131n\u0131z? Hep ayn\u0131 ili\u015fkiyi farkl\u0131 ki\u015filerle ya\u015f\u0131yor, \u201cBu d\u00f6ng\u00fc neden bitmiyor?\u201d diye sorguluyorsan\u0131z, cevap k\u00f6klerinizde sakl\u0131. Bu g\u00f6r\u00fc\u015fme, tekrar eden ili\u015fki kal\u0131plar\u0131n\u0131z\u0131n ard\u0131ndaki g\u00f6r\u00fcnmeyen ba\u011flar\u0131 [&hellip;]<\/p>\n","protected":false},"featured_media":0,"comment_status":"open","ping_status":"closed","template":"","meta":{"_acf_changed":false,"content-type":""},"product_brand":[],"product_cat":[81,656],"product_tag":[661],"class_list":{"0":"post-56407","1":"product","2":"type-product","3":"status-publish","5":"product_cat-levaic","6":"product_cat-ozel-paketler","7":"product_tag-5-gorusme","9":"first","10":"instock","11":"shipping-taxable","12":"purchasable","13":"product-type-simple"},"acf":[],"_links":{"self":[{"href":"https:\/\/levaic.com\/en\/wp-json\/wp\/v2\/product\/56407","targetHints":{"allow":["GET"]}}],"collection":[{"href":"https:\/\/levaic.com\/en\/wp-json\/wp\/v2\/product"}],"about":[{"href":"https:\/\/levaic.com\/en\/wp-json\/wp\/v2\/types\/product"}],"replies":[{"embeddable":true,"href":"https:\/\/levaic.com\/en\/wp-json\/wp\/v2\/comments?post=56407"}],"version-history":[{"count":2,"href":"https:\/\/levaic.com\/en\/wp-json\/wp\/v2\/product\/56407\/revisions"}],"predecessor-version":[{"id":56548,"href":"https:\/\/levaic.com\/en\/wp-json\/wp\/v2\/product\/56407\/revisions\/56548"}],"wp:attachment":[{"href":"https:\/\/levaic.com\/en\/wp-json\/wp\/v2\/media?parent=56407"}],"wp:term":[{"taxonomy":"product_brand","embeddable":true,"href":"https:\/\/levaic.com\/en\/wp-json\/wp\/v2\/product_brand?post=56407"},{"taxonomy":"product_cat","embeddable":true,"href":"https:\/\/levaic.com\/en\/wp-json\/wp\/v2\/product_cat?post=56407"},{"taxonomy":"product_tag","embeddable":true,"href":"https:\/\/levaic.com\/en\/wp-json\/wp\/v2\/product_tag?post=56407"}],"curies":[{"name":"wp","href":"https:\/\/api.w.org\/{rel}","templated":true}]}}