
{"id":55634,"date":"2025-05-03T18:04:06","date_gmt":"2025-05-03T15:04:06","guid":{"rendered":"https:\/\/levaic.com\/?post_type=product&#038;p=55634"},"modified":"2026-02-04T13:05:58","modified_gmt":"2026-02-04T10:05:58","slug":"iliski-yetkinligi-analizi","status":"publish","type":"product","link":"https:\/\/levaic.com\/en\/urun\/iliski-yetkinligi-analizi\/","title":{"rendered":"\u0130li\u015fki Yetkinli\u011fi Analizi"},"content":{"rendered":"<p><strong>Online G\u00f6r\u00fc\u015fme S\u00fcresi : 120 dakika<\/strong><br \/>\n<strong>Rapor Sunulan \u00d6zel G\u00f6r\u00fc\u015fme<\/strong><\/p>\n<p>Hizmet sat\u0131n al\u0131nd\u0131ktan sonra 30 g\u00fcn i\u00e7inde tamamlanmal\u0131d\u0131r.<\/p>\n<p><strong>Fiyat\u0131n\u0131za Dahil Olan Hizmetler<\/strong><br \/>\n1. Uzun Online Seans<br \/>\nUzman dan\u0131\u015fmanlarla yap\u0131land\u0131r\u0131lm\u0131\u015f uzun online g\u00f6r\u00fc\u015fme veya 60 dakikal\u0131k iki g\u00f6r\u00fc\u015fmeye b\u00f6l\u00fcnm\u00fc\u015f toplamda 2 g\u00f6r\u00fc\u015fme<br \/>\n2. Analiz Raporu<br \/>\nDan\u0131\u015fmanl\u0131k g\u00f6r\u00fc\u015fmeleri &amp; GROWTH ve akabinde isterseniz L\u00e2ice\u2019ye devam edebilmeniz i\u00e7in ki\u015fisel geli\u015fim plan\u0131n\u0131z\u0131 olu\u015fturabilece\u011finiz raporunuz sunulur<br \/>\n3. \u00d6zel Randevu Organizasyonu<br \/>\nRandevular\u0131n\u0131z, ekibimiz taraf\u0131ndan sizin ad\u0131n\u0131za planlan\u0131r.<br \/>\n4. Esnek De\u011fi\u015fiklik \u0130mkan\u0131<br \/>\n24 saat \u00f6ncesine kadar randevu de\u011fi\u015fiklik hakk\u0131.<br \/>\n5. Uzman Se\u00e7imi Deste\u011fi<br \/>\nSizin i\u00e7in en uygun uzman, ihtiya\u00e7lar\u0131n\u0131za g\u00f6re belirlenir.<br \/>\n6. Kupon ve Hediye Etme \u0130mkan\u0131<br \/>\n\u0130leriki tarihlerde kullanmak veya hediye etmek i\u00e7in kupon alabilirsiniz.<br \/>\n* B\u00fct\u00fcn uzmanlar\u0131m\u0131z 100 saatlik s\u00fcpervizyon saatlerini\u00a0doldurmu\u015flard\u0131r<\/p>\n<p><strong>G\u00f6r\u00fc\u015fme \u0130\u00e7eri\u011fi<\/strong><\/p>\n<p><b>Yap\u0131:<\/b> 7 B\u00f6l\u00fcmde 30 yetkinlik ara\u015ft\u0131r\u0131l\u0131r + Kapan\u0131\u015f Raporlamas\u0131<\/p>\n<p><b>Y\u00f6ntem:<\/b> Yar\u0131 yap\u0131land\u0131r\u0131lm\u0131\u015f, hik\u00e2ye temelli, sezgisel derinlikli<\/p>\n<p>Puanlama : 1-10 aras\u0131<span class=\"Apple-converted-space\">\u00a0 <\/span>yap\u0131l\u0131r.<span class=\"Apple-converted-space\">\u00a0 <\/span>0-1 beceri yok , 3 d\u00fc\u015f\u00fck beceri g\u00f6sterimi, 5 orta beceri ye sahip bazen yapabiliyor bazen yapam\u0131yor , 6 biraz bir \u015feyler biliyor ve yolunu buluyor , 8 bu konuda iyi , 9-10 konunun uzman\u0131<span class=\"Apple-converted-space\">\u00a0<\/span><\/p>\n<p>\u2e3b<\/p>\n<p class=\"p1\">\u2022 \u00d6zfark\u0131ndal\u0131k (12a)<\/p>\n<p class=\"p1\">\u2022 Duygusal Denge (11)<\/p>\n<p class=\"p1\">\u2022 Kendine G\u00fcven (25)<\/p>\n<p class=\"p1\">\u2022 Ba\u011flanma Stili (9)<\/p>\n<p class=\"p1\">\u2022 Ebeveyn Tutumlar\u0131 (10)<\/p>\n<p class=\"p1\">\u2022 Ge\u00e7mi\u015f \u0130li\u015fki Deneyimleri (19)<\/p>\n<p class=\"p1\">\u2022 D\u0131\u015fad\u00f6n\u00fckl\u00fck (1)<\/p>\n<p class=\"p1\">\u2022 \u0130\u00e7ed\u00f6n\u00fckl\u00fck (3)<\/p>\n<p class=\"p1\">\u2022 D\u0131\u015f Odakl\u0131l\u0131k (2)<\/p>\n<p class=\"p1\">\u2022 \u0130\u00e7 Odakl\u0131l\u0131k (4)<\/p>\n<p class=\"p1\">\u2022 Sorumluluk (5)<\/p>\n<p class=\"p1\">\u2022 Sosyal Rol Esnekli\u011fi (17)<\/p>\n<p class=\"p1\">\u2022 \u0130leti\u015fim Tarz\u0131 (7)<\/p>\n<p class=\"p1\">\u2022 Uyumluluk (6)<\/p>\n<p class=\"p1\">\u2022 \u00c7at\u0131\u015fma Y\u00f6netimi (8)<\/p>\n<p class=\"p1\">\u2022 Tolerans (24)<\/p>\n<p class=\"p1\">\u2022 Giri\u015fkenlik &amp; Sosyal Risk (18)<\/p>\n<p class=\"p1\">\u2022 Sosyal Sezgi &amp; Duygusal Okuryazarl\u0131k (16)<\/p>\n<p class=\"p1\">\u2022 \u00d6z\u015fefkat (13)<\/p>\n<p class=\"p1\">\u2022 \u00d6zg\u00fcven &amp; \u00d6zsayg\u0131 (12b)<\/p>\n<p class=\"p1\">\u2022 Duygusal Zeka \/ Reg\u00fclasyon (11)<\/p>\n<p class=\"p1\">\u2022 De\u011ferler &amp; \u0130nan\u00e7lar (21)<\/p>\n<p class=\"p1\">\u2022 Etiklik ve A\u00e7\u0131kl\u0131k (20)<\/p>\n<p class=\"p1\">\u2022 Sosyal Destek A\u011f\u0131 (14)<\/p>\n<p class=\"p1\">\u2022 Ba\u015fkalar\u0131na G\u00fcven (15)<\/p>\n<p class=\"p1\">\u2022 D\u00fcnyaya Duyulan G\u00fcven (23)<\/p>\n<p class=\"p1\">\u2022 Fl\u00f6rt Tarz\u0131 &amp; \u0130li\u015fki Ba\u015flatma (29)<\/p>\n<p class=\"p1\">\u2022 Fl\u00f6rt &amp; Cinselli\u011fe Yakla\u015f\u0131m (26)<\/p>\n<p class=\"p1\">\u2022 Romantik Yak\u0131nl\u0131k &amp; S\u0131n\u0131rlar (27)<\/p>\n<p class=\"p1\">\u2022 Cinsel Kimlik &amp; Beden Alg\u0131s\u0131 (28)<\/p>\n<p class=\"p1\">\u2022 Fiziksel Yak\u0131nl\u0131k &amp; Dokunsall\u0131k (30)<\/p>\n<p class=\"p1\">\u2022 Sab\u0131r &amp; S\u00fcre\u00e7 Y\u00f6netimi (22)<\/p>\n<p>\u2e3b<\/p>\n<p><b><span class=\"Apple-converted-space\">\u00a0<\/span>Teslimat Format\u0131<\/b><b><\/b><\/p>\n<p>\u2022Online bire bir g\u00f6r\u00fc\u015fme<\/p>\n<p>\u202230 yetkinlik \u00fczerinden 1\u201310 aras\u0131 puanlama<\/p>\n<p>\u2022Rapor<\/p>\n","protected":false},"excerpt":{"rendered":"<p>(Tavsiye Edilen Lev\u00e2ic Ba\u015flang\u0131\u00e7 G\u00f6r\u00fc\u015fmesi)<\/p>\n\n","protected":false},"featured_media":56047,"comment_status":"closed","ping_status":"closed","template":"","meta":{"_acf_changed":false,"content-type":""},"product_brand":[],"product_cat":[656],"product_tag":[],"class_list":{"0":"post-55634","1":"product","2":"type-product","3":"status-publish","4":"has-post-thumbnail","6":"product_cat-ozel-paketler","8":"first","9":"instock","10":"virtual","11":"purchasable","12":"product-type-simple"},"acf":[],"_links":{"self":[{"href":"https:\/\/levaic.com\/en\/wp-json\/wp\/v2\/product\/55634","targetHints":{"allow":["GET"]}}],"collection":[{"href":"https:\/\/levaic.com\/en\/wp-json\/wp\/v2\/product"}],"about":[{"href":"https:\/\/levaic.com\/en\/wp-json\/wp\/v2\/types\/product"}],"replies":[{"embeddable":true,"href":"https:\/\/levaic.com\/en\/wp-json\/wp\/v2\/comments?post=55634"}],"version-history":[{"count":4,"href":"https:\/\/levaic.com\/en\/wp-json\/wp\/v2\/product\/55634\/revisions"}],"predecessor-version":[{"id":56365,"href":"https:\/\/levaic.com\/en\/wp-json\/wp\/v2\/product\/55634\/revisions\/56365"}],"wp:featuredmedia":[{"embeddable":true,"href":"https:\/\/levaic.com\/en\/wp-json\/wp\/v2\/media\/56047"}],"wp:attachment":[{"href":"https:\/\/levaic.com\/en\/wp-json\/wp\/v2\/media?parent=55634"}],"wp:term":[{"taxonomy":"product_brand","embeddable":true,"href":"https:\/\/levaic.com\/en\/wp-json\/wp\/v2\/product_brand?post=55634"},{"taxonomy":"product_cat","embeddable":true,"href":"https:\/\/levaic.com\/en\/wp-json\/wp\/v2\/product_cat?post=55634"},{"taxonomy":"product_tag","embeddable":true,"href":"https:\/\/levaic.com\/en\/wp-json\/wp\/v2\/product_tag?post=55634"}],"curies":[{"name":"wp","href":"https:\/\/api.w.org\/{rel}","templated":true}]}}