
{"id":51517,"date":"2024-10-01T02:32:53","date_gmt":"2024-09-30T23:32:53","guid":{"rendered":"https:\/\/levaic.com\/urun\/ozguven-ve-iliskiler-uzerindeki-etkisi\/"},"modified":"2026-02-04T19:45:05","modified_gmt":"2026-02-04T16:45:05","slug":"ozguven-ve-iliskiler-uzerindeki-etkisi","status":"publish","type":"product","link":"https:\/\/levaic.com\/en\/urun\/ozguven-ve-iliskiler-uzerindeki-etkisi\/","title":{"rendered":"O\u0308zgu\u0308ven ve I\u0307lis\u0327kiler U\u0308zerindeki Etkisi &#8211; 10 Video + 2 Bonus Video"},"content":{"rendered":"<p style=\"font-weight: 400;\"><strong>Geli\u015fim \u00e7al\u0131\u015fmas\u0131ndan \u00f6\u011frenilecekler:<\/strong><\/p>\n<p style=\"font-weight: 400;\">Bu e\u011fitimden \u00f6\u011frendikleriniz, g\u00fcnl\u00fck hayatta \u00e7e\u015fitli alanlarda \u00f6nemli faydalar sa\u011flayacakt\u0131r. \u00d6zg\u00fcveninizi art\u0131rarak, ki\u015fisel ve profesyonel ili\u015fkilerinizde daha etkili ve kendinden emin olabilirsiniz. \u0130\u015f yerinde cesur kararlar almak, liderlik becerilerinizi geli\u015ftirmek ve etkili ileti\u015fim kurmak, kariyerinizde ilerlemenizi kolayla\u015ft\u0131racakt\u0131r. Sosyal ortamlarda \u00f6zg\u00fcvenli olmak, yeni insanlarla tan\u0131\u015fma ve g\u00fc\u00e7l\u00fc ba\u011flant\u0131lar kurma konusunda size avantaj sa\u011flayacakt\u0131r. Hedeflerinizi belirlerken \u00f6zg\u00fcveninizi kullanarak, daha ger\u00e7ek\u00e7i ve ula\u015f\u0131labilir hedefler koyabilir ve bu hedeflere daha kararl\u0131 bir \u015fekilde ilerleyebilirsiniz. Zorluklarla kar\u015f\u0131la\u015ft\u0131\u011f\u0131n\u0131zda, \u00f6zg\u00fcveniniz size diren\u00e7 ve \u00e7\u00f6z\u00fcm odakl\u0131 bir bak\u0131\u015f a\u00e7\u0131s\u0131 kazand\u0131racak, bu da sizi daha ba\u015far\u0131l\u0131 ve tatmin edici bir hayata y\u00f6nlendirecektir. K\u0131sacas\u0131, bu e\u011fitimden kazand\u0131\u011f\u0131n\u0131z \u00f6zg\u00fcven ve beceriler, hayat\u0131n\u0131z\u0131n her alan\u0131nda size g\u00fc\u00e7 ve esneklik sa\u011flayarak, potansiyelinizi en \u00fcst d\u00fczeye \u00e7\u0131karman\u0131za yard\u0131mc\u0131 olacakt\u0131r.<\/p>\n<p style=\"font-weight: 400;\"><strong>Geli\u015fim \u00c7al\u0131\u015fmas\u0131 Kategorisi:<\/strong><\/p>\n<ul>\n<li style=\"font-weight: 400;\">\u0130li\u015fki Yetkinlikleri Geli\u015fim \u00c7al\u0131\u015fmalar\u0131<\/li>\n<\/ul>\n<p style=\"font-weight: 400;\"><strong>Geli\u015fim \u00c7al\u0131\u015fmas\u0131 Gereksinimleri:<\/strong><\/p>\n<ul>\n<li style=\"font-weight: 400;\">18 ya\u015f ve \u00fczeri bireyler<\/li>\n<li style=\"font-weight: 400;\">Yeti\u015fkin ileti\u015fimine ve ili\u015fki yetkinliklerini geli\u015ftirmeye \u00f6nem veren.<\/li>\n<\/ul>\n<p style=\"font-weight: 400;\"><strong>Geli\u015fim \u00c7al\u0131\u015fmas\u0131 \u0130\u00e7in Gerekli Materyaller:<\/strong><\/p>\n<ul>\n<li style=\"font-weight: 400;\">Video serisini izlemek i\u00e7in bir cihaz (bilgisayar, tablet, ak\u0131ll\u0131 telefon)<\/li>\n<li style=\"font-weight: 400;\">Not almak i\u00e7in ka\u011f\u0131t ve kalem veya dijital not alma arac\u0131<\/li>\n<li style=\"font-weight: 400;\">\u0130nternet ba\u011flant\u0131s\u0131\n<p style=\"font-weight: 400;\"><strong>S\u0131k\u00e7a Sorulan Sorular (SSS):<\/strong><\/p>\n<ol>\n<li style=\"font-weight: 400;\"><strong>Bu video serisi kimler i\u00e7in uygun?<\/strong>Bu video serisi, ki\u015fisel geli\u015fimine \u00f6nem veren, \u00f6zg\u00fcvenini art\u0131rmak ve sosyal, profesyonel ve romantik ili\u015fkilerini g\u00fc\u00e7lendirmek isteyen herkes i\u00e7in uygundur.<\/li>\n<\/ol>\n<ol start=\"2\">\n<li style=\"font-weight: 400;\"><strong>Videolar\u0131 izlemek i\u00e7in \u00f6zel bir donan\u0131ma ihtiya\u00e7 var m\u0131?<\/strong>Videolar\u0131 izlemek i\u00e7in internet ba\u011flant\u0131s\u0131 olan herhangi bir cihaz (bilgisayar, tablet, ak\u0131ll\u0131 telefon) yeterlidir.<\/li>\n<\/ol>\n<ol start=\"3\">\n<li style=\"font-weight: 400;\"><strong> Videolar\u0131n sonunda verilen sorular\u0131 nas\u0131l kullanmal\u0131y\u0131m?<\/strong><\/li>\n<\/ol>\n<p style=\"font-weight: 400;\">\u00a0\u00a0\u00a0\u00a0\u00a0\u00a0\u00a0\u00a0\u00a0\u00a0\u00a0 Videolar\u0131n sonunda verilen sorular, \u00f6\u011frendiklerinizi peki\u015ftirmenize ve ki\u015fisel deneyimlerinizi analiz etmenize yard\u0131mc\u0131 olur. Sorular\u0131 yan\u0131tlayarak kendi i\u00e7sel yolculu\u011funuzu daha derinlemesine ke\u015ffedebilirsiniz.<\/p>\n<ol start=\"4\">\n<li style=\"font-weight: 400;\"><strong> Lev\u00e2ic Dan\u0131\u015fmanlar\u0131ndan nas\u0131l destek alabilirim?<\/strong><\/li>\n<\/ol>\n<p style=\"font-weight: 400;\">\u00a0\u00a0\u00a0\u00a0\u00a0\u00a0\u00a0\u00a0\u00a0\u00a0\u00a0 Lev\u00e2ic idan\u0131\u015fmanlar\u0131ndandestek almak i\u00e7in Lev\u00e2ic web sitesi \u00fczerinden randevu alabilir veya ileti\u015fim formunu doldurabilirsiniz. Dan\u0131\u015fmanlar\u0131m\u0131z, \u00f6zg\u00fcveninizi ve liderlik yeteneklerinizi geli\u015ftirmenizde size rehberlik edecektir.<\/p>\n<p style=\"font-weight: 400;\">Bu <strong>Geli\u015fim \u00c7al\u0131\u015fmas\u0131<\/strong> serisi, \u00f6zg\u00fcveninizi ke\u015ffetmek ve g\u00fc\u00e7lendirmek i\u00e7in size rehberlik edecek ve hayat\u0131n\u0131zdaki ili\u015fkilerde pozitif de\u011fi\u015fimler yaratman\u0131za yard\u0131mc\u0131 olacakt\u0131r.<\/p>\n<p style=\"font-weight: 400;\"><strong>Video 1: \u00d6zg\u00fcvenin Temelleri ve Hayat\u0131m\u0131zdaki Rol\u00fc<\/strong><\/p>\n<p style=\"font-weight: 400;\"><strong>Video 2: \u00d6zg\u00fcven Eksikli\u011finin \u00dcstesinden Gelmek <\/strong><\/p>\n<p style=\"font-weight: 400;\"><strong>Video 3: \u00d6zg\u00fcveni Art\u0131ran G\u00fcnl\u00fck Al\u0131\u015fkanl\u0131klar <\/strong><\/p>\n<p style=\"font-weight: 400;\"><strong>Video 4: \u00d6zg\u00fcven ve Karar Verme S\u00fcre\u00e7leri<\/strong><strong>\u00a0<\/strong><\/p>\n<p style=\"font-weight: 400;\"><strong>Video 5: \u00d6zg\u00fcven ve Sosyal \u0130li\u015fkiler<\/strong><\/p>\n<p style=\"font-weight: 400;\"><strong>Video 6: \u00d6zg\u00fcven ve Profesyonel Ba\u015far\u0131<\/strong><\/p>\n<p style=\"font-weight: 400;\"><strong>Video 7: \u00d6zg\u00fcvenin Liderlik \u00dczerindeki Etkisi<\/strong><\/p>\n<p style=\"font-weight: 400;\"><strong>Video 8: \u00d6zg\u00fcven ve Risk Alma<\/strong><\/p>\n<p style=\"font-weight: 400;\"><strong>\u00a0<\/strong><strong>Video 9: \u00d6zg\u00fcven ve Hedeflere Ula\u015fma<\/strong><\/p>\n<p style=\"font-weight: 400;\"><strong>Video 10: \u00d6zg\u00fcveni S\u00fcrd\u00fcrmek ve Geli\u015ftirmek<\/strong><strong>\u00a0<\/strong><strong>\u00a0<\/strong><strong>\u00a0<\/strong><strong>\u00a0<\/strong><\/p>\n<p style=\"font-weight: 400;\"><strong>Bonus Video 1: \u00d6zg\u00fcvenin G\u00f6lgeleri: Pervas\u0131zl\u0131k ve Pi\u015fkinlik<\/strong><\/p>\n<p style=\"font-weight: 400;\"><strong>Bonus Video 2: \u00d6zg\u00fcvenin G\u00f6lgeleri: Sosyal Uyumsuzluk<\/strong><\/p>\n<\/li>\n<\/ul>\n","protected":false},"excerpt":{"rendered":"<p>Geli\u015fim \u00e7al\u0131\u015fmas\u0131ndan \u00f6\u011frenilecekler: Bu e\u011fitimden \u00f6\u011frendikleriniz, g\u00fcnl\u00fck hayatta \u00e7e\u015fitli alanlarda \u00f6nemli faydalar sa\u011flayacakt\u0131r. \u00d6zg\u00fcveninizi art\u0131rarak, ki\u015fisel ve profesyonel ili\u015fkilerinizde daha etkili ve kendinden emin olabilirsiniz. \u0130\u015f yerinde cesur kararlar almak, liderlik becerilerinizi geli\u015ftirmek ve etkili ileti\u015fim kurmak, kariyerinizde ilerlemenizi kolayla\u015ft\u0131racakt\u0131r. Sosyal ortamlarda \u00f6zg\u00fcvenli olmak, yeni insanlarla tan\u0131\u015fma ve g\u00fc\u00e7l\u00fc ba\u011flant\u0131lar kurma konusunda size avantaj sa\u011flayacakt\u0131r. [&hellip;]<\/p>\n","protected":false},"featured_media":0,"comment_status":"open","ping_status":"closed","template":"","meta":{"_acf_changed":false,"content-type":""},"product_brand":[],"product_cat":[655,81],"product_tag":[],"class_list":{"0":"post-51517","1":"product","2":"type-product","3":"status-publish","5":"product_cat-growth","6":"product_cat-levaic","8":"first","9":"instock","10":"sale","11":"virtual","12":"sold-individually","13":"purchasable","14":"product-type-simple"},"acf":[],"_links":{"self":[{"href":"https:\/\/levaic.com\/en\/wp-json\/wp\/v2\/product\/51517","targetHints":{"allow":["GET"]}}],"collection":[{"href":"https:\/\/levaic.com\/en\/wp-json\/wp\/v2\/product"}],"about":[{"href":"https:\/\/levaic.com\/en\/wp-json\/wp\/v2\/types\/product"}],"replies":[{"embeddable":true,"href":"https:\/\/levaic.com\/en\/wp-json\/wp\/v2\/comments?post=51517"}],"version-history":[{"count":6,"href":"https:\/\/levaic.com\/en\/wp-json\/wp\/v2\/product\/51517\/revisions"}],"predecessor-version":[{"id":56585,"href":"https:\/\/levaic.com\/en\/wp-json\/wp\/v2\/product\/51517\/revisions\/56585"}],"wp:attachment":[{"href":"https:\/\/levaic.com\/en\/wp-json\/wp\/v2\/media?parent=51517"}],"wp:term":[{"taxonomy":"product_brand","embeddable":true,"href":"https:\/\/levaic.com\/en\/wp-json\/wp\/v2\/product_brand?post=51517"},{"taxonomy":"product_cat","embeddable":true,"href":"https:\/\/levaic.com\/en\/wp-json\/wp\/v2\/product_cat?post=51517"},{"taxonomy":"product_tag","embeddable":true,"href":"https:\/\/levaic.com\/en\/wp-json\/wp\/v2\/product_tag?post=51517"}],"curies":[{"name":"wp","href":"https:\/\/api.w.org\/{rel}","templated":true}]}}